{"id":88,"date":"2017-06-02T16:06:21","date_gmt":"2017-06-02T14:06:21","guid":{"rendered":"http:\/\/www.business-counsellor.de\/de\/?page_id=88"},"modified":"2023-01-06T13:35:30","modified_gmt":"2023-01-06T12:35:30","slug":"mit-wem-sprechen-sie-wenn-schwierige-entscheidungen-anstehen","status":"publish","type":"page","link":"http:\/\/www.business-counsellor.de\/de\/","title":{"rendered":"Mit wem sprechen Sie, wenn schwierige Entscheidungen anstehen?"},"content":{"rendered":"<div id=\"hhklammer\"><img decoding=\"async\" style=\"width: 1140px;\" src=\"http:\/\/www.business-counsellor.de\/de\/wp-content\/uploads\/2017\/06\/hdown.png\" alt=\"bg\"><\/p>\n<div id=\"hhleft\"><video class=\"seg\" poster=\"http:\/\/www.business-counsellor.de\/de\/wp-content\/uploads\/2017\/06\/fahrt.jpg\" autoplay=\"autoplay\" loop=\"loop\" muted=\"&quot;\"><source src=\"http:\/\/www.business-counsellor.de\/de\/wp-content\/uploads\/2017\/06\/fahrt.ogv\" type=\"video\/ogg\"><source src=\"http:\/\/www.business-counsellor.de\/de\/wp-content\/uploads\/2017\/06\/fahrt.mp4\" type=\"video\/mp4\"><\/video><\/div>\n<div id=\"hhright\"><\/div>\n<div id=\"hhdown\"><\/div>\n<\/div>\n<p>| business counsellor<\/p>\n<h2>&#8222;Sie brauchen Strahlkraft und \u00dcberzeugungswillen f\u00fcr die Umsetzung Ihrer vision\u00e4ren Gesch\u00e4ftsideen.&#8220;<\/h2>\n<p>Als ich diese Erfahrung vor vielen Jahren gemacht habe, w\u00fcnschte ich mir immer einen Gespr\u00e4chspartner, der mit mir denkt und meine Entscheidungsfindung begleitet. Niemanden, der mir vorsagt, was ich tun m\u00fcsste, noch jemanden, der mir diese Aufgabe abnehmen sollte. Sondern einen vertrauten Partner, der einen Unternehmer versteht, kritisch hinterfragt und unkonventionell nach L\u00f6sungen sucht. Einen Gegenpol, der das strukturierende Denken erm\u00f6glicht, Sichtweisen und F\u00e4higkeiten st\u00e4rkt und einem unn\u00f6tigen Z\u00f6gern fordernd begegnet. Jemanden, den man unverf\u00e4nglich anrufen oder mit ihm in ruhiger Minute denken kann.<br \/>\n<a href=\"http:\/\/www.business-counsellor.de\/de\/counsellor\/\">&#8211; weiter &#8211;<\/a><\/p>\n<p><img decoding=\"async\" loading=\"lazy\" class=\"full-pic-site alignnone\" src=\"http:\/\/www.business-counsellor.de\/de\/wp-content\/uploads\/2023\/01\/fuehrung-gibt-sicherheit.jpg\" size=\"\" width=\"1200\" height=\"700\">F\u00fchrung gibt Sicherheit &#8211; BUSINESS COUNSELLOR &#8211; Vincent Klimkowicz<\/p>\n<h1>&#8222;Mit wem sprechen Sie, wenn schwierige Entscheidungen anstehen?<\/h1>\n<p>ohne Ihr Gesicht zu verlieren und ohne komplizierte Erkl\u00e4rung f\u00fcr das Verst\u00e4ndnis komplexer Sachverhalte<\/p>\n<h3>Vertraute Begleitung f\u00fcr Top und Senior Manager, Gesch\u00e4ftsf\u00fchrer und Unternehmensleiter<\/h3>\n<div class=\"stimmen\">\n<div class=\"stimpic\"><img decoding=\"async\" loading=\"lazy\" class=\"sp-box-vz\" src=\"http:\/\/www.business-counsellor.de\/de\/wp-content\/uploads\/2017\/06\/vz.jpg\" alt=\"Vincent Klimkowicz, Dipl.-Kfm. (univ.)\" width=\"100\" height=\"150\"><\/div>\n<div class=\"stimhead\"><strong>Meine Klienten stellen sich t\u00e4glich komplexen und einzigartigen Herausforderungen.<br \/>\nWeder ein anderer, noch eine Musterl\u00f6sung kann diese Last abnehmen.<\/strong><\/div>\n<div class=\"stiminh\">Sie brauchen jemanden, der fachlich mitdenkt, pers\u00f6nlich st\u00e4rkt und umfassend begleitet.<br \/>\nDamit individuelle Wege gangbar und die Last leichter werden.<\/p>\n<p>Vincent Klimkowicz <a href=\"http:\/\/www.business-counsellor.de\/de\/counsellor\/\">&#8211; zum Profil &#8211;<\/a><\/p>\n<\/div>\n<div class=\"stimname\"><\/div>\n<\/div>\n<div class=\"clearer\"><\/div>\n<h2>Ihr Business Counsellor<\/h2>\n<h3>in Deutschland<br \/>\nund vor Ort<br \/>\nwo Sie mich brauchen<\/h3>\n<p><a title=\"Business Counselling\" href=\"http:\/\/www.business-counsellor.de\/de\/counselling\/\">Counselling<\/a> | <a title=\"Business Sparring\" href=\"http:\/\/www.business-counsellor.de\/de\/sparring\/\">Sparring<\/a> | <a title=\"Business Deployment\" href=\"http:\/\/www.business-counsellor.de\/de\/deployment\/\">Deployment<\/a><\/p>\n<p><a title=\"Kontakt aufnehmen\" href=\"http:\/\/www.business-counsellor.de\/de\/kontakt\/\"> Kontakt aufnehmen ..<\/a><\/p>\n","protected":false},"excerpt":{"rendered":"<p>| business counsellor &#8222;Sie brauchen Strahlkraft und \u00dcberzeugungswillen f\u00fcr die Umsetzung Ihrer vision\u00e4ren Gesch\u00e4ftsideen.&#8220; Als ich diese Erfahrung vor vielen Jahren gemacht habe, w\u00fcnschte ich mir immer einen Gespr\u00e4chspartner, der mit mir denkt und meine Entscheidungsfindung begleitet. Niemanden, der mir vorsagt, was ich tun m\u00fcsste, noch jemanden, der mir diese Aufgabe abnehmen sollte. Sondern einen vertrauten Partner, der einen Unternehmer versteht, kritisch hinterfragt und unkonventionell nach L\u00f6sungen sucht. Einen Gegenpol, &hellip; <\/p>\n","protected":false},"author":1,"featured_media":18,"parent":0,"menu_order":0,"comment_status":"closed","ping_status":"closed","template":"page-templates\/grid-page.php","meta":[],"yoast_head":"<!-- This site is optimized with the Yoast SEO plugin v19.13 - https:\/\/yoast.com\/wordpress\/plugins\/seo\/ -->\n<title>Mit wem sprechen Sie, wenn schwierige Entscheidungen anstehen? | Business Counsellor - Top Management &amp; Senior Executives<\/title>\n<meta name=\"description\" content=\"Sie suchen einen vertrauten und loyalen Gespr\u00e4chspartner, der mit Ihnen denkt und Ihre Entscheidungen begleitet - unkonventionell nach Ihrer L\u00f6sungen sucht?\" \/>\n<meta name=\"robots\" content=\"index, follow, max-snippet:-1, max-image-preview:large, max-video-preview:-1\" \/>\n<link rel=\"canonical\" href=\"http:\/\/www.business-counsellor.de\/de\/\" \/>\n<meta property=\"og:locale\" content=\"de_DE\" \/>\n<meta property=\"og:type\" content=\"article\" \/>\n<meta property=\"og:title\" content=\"Mit wem sprechen Sie, wenn schwierige Entscheidungen anstehen? | Business Counsellor - Top Management &amp; Senior Executives\" \/>\n<meta property=\"og:description\" content=\"Sie suchen einen vertrauten und loyalen Gespr\u00e4chspartner, der mit Ihnen denkt und Ihre Entscheidungen begleitet - unkonventionell nach Ihrer L\u00f6sungen sucht?\" \/>\n<meta property=\"og:url\" content=\"http:\/\/www.business-counsellor.de\/de\/\" \/>\n<meta property=\"og:site_name\" content=\"Business Counsellor - Top Management &amp; Senior Executives\" \/>\n<meta property=\"article:publisher\" content=\"https:\/\/de-de.facebook.com\/DiplKfmVincentKlimkowicz\/\" \/>\n<meta property=\"article:modified_time\" content=\"2023-01-06T12:35:30+00:00\" \/>\n<meta property=\"og:image\" content=\"http:\/\/www.business-counsellor.de\/de\/wp-content\/uploads\/2017\/06\/bc-start.jpg\" \/>\n\t<meta property=\"og:image:width\" content=\"1500\" \/>\n\t<meta property=\"og:image:height\" content=\"728\" \/>\n\t<meta property=\"og:image:type\" content=\"image\/jpeg\" \/>\n<meta name=\"twitter:card\" content=\"summary_large_image\" \/>\n<meta name=\"twitter:label1\" content=\"Gesch\u00e4tzte Lesezeit\" \/>\n\t<meta name=\"twitter:data1\" content=\"2\u00a0Minuten\" \/>\n<script type=\"application\/ld+json\" class=\"yoast-schema-graph\">{\"@context\":\"https:\/\/schema.org\",\"@graph\":[{\"@type\":\"WebPage\",\"@id\":\"http:\/\/www.business-counsellor.de\/de\/\",\"url\":\"http:\/\/www.business-counsellor.de\/de\/\",\"name\":\"Mit wem sprechen Sie, wenn schwierige Entscheidungen anstehen? | Business Counsellor - Top Management &amp; Senior Executives\",\"isPartOf\":{\"@id\":\"http:\/\/www.business-counsellor.de\/de\/#website\"},\"datePublished\":\"2017-06-02T14:06:21+00:00\",\"dateModified\":\"2023-01-06T12:35:30+00:00\",\"description\":\"Sie suchen einen vertrauten und loyalen Gespr\u00e4chspartner, der mit Ihnen denkt und Ihre Entscheidungen begleitet - unkonventionell nach Ihrer L\u00f6sungen sucht?\",\"breadcrumb\":{\"@id\":\"http:\/\/www.business-counsellor.de\/de\/#breadcrumb\"},\"inLanguage\":\"de\",\"potentialAction\":[{\"@type\":\"ReadAction\",\"target\":[\"http:\/\/www.business-counsellor.de\/de\/\"]}]},{\"@type\":\"BreadcrumbList\",\"@id\":\"http:\/\/www.business-counsellor.de\/de\/#breadcrumb\",\"itemListElement\":[{\"@type\":\"ListItem\",\"position\":1,\"name\":\"Startseite\",\"item\":\"http:\/\/www.business-counsellor.de\/de\/\"},{\"@type\":\"ListItem\",\"position\":2,\"name\":\"Mit wem sprechen Sie, wenn schwierige Entscheidungen anstehen?\"}]},{\"@type\":\"WebSite\",\"@id\":\"http:\/\/www.business-counsellor.de\/de\/#website\",\"url\":\"http:\/\/www.business-counsellor.de\/de\/\",\"name\":\"Business Counsellor - Top Management &amp; Senior Executives\",\"description\":\"spezialisiert auf die fachliche und pers\u00f6nliche Begleitung von Personen mit sehr hoher F\u00fchrungsverantwortung\",\"publisher\":{\"@id\":\"http:\/\/www.business-counsellor.de\/de\/#organization\"},\"potentialAction\":[{\"@type\":\"SearchAction\",\"target\":{\"@type\":\"EntryPoint\",\"urlTemplate\":\"http:\/\/www.business-counsellor.de\/de\/?s={search_term_string}\"},\"query-input\":\"required name=search_term_string\"}],\"inLanguage\":\"de\"},{\"@type\":\"Organization\",\"@id\":\"http:\/\/www.business-counsellor.de\/de\/#organization\",\"name\":\"Business Counsellor Dipl.-Kfm. Vincent Klimkwowicz\",\"url\":\"http:\/\/www.business-counsellor.de\/de\/\",\"logo\":{\"@type\":\"ImageObject\",\"inLanguage\":\"de\",\"@id\":\"http:\/\/www.business-counsellor.de\/de\/#\/schema\/logo\/image\/\",\"url\":\"http:\/\/www.business-counsellor.de\/de\/wp-content\/uploads\/2017\/06\/counsellorlogo.jpg\",\"contentUrl\":\"http:\/\/www.business-counsellor.de\/de\/wp-content\/uploads\/2017\/06\/counsellorlogo.jpg\",\"width\":583,\"height\":200,\"caption\":\"Business Counsellor Dipl.-Kfm. Vincent Klimkwowicz\"},\"image\":{\"@id\":\"http:\/\/www.business-counsellor.de\/de\/#\/schema\/logo\/image\/\"},\"sameAs\":[\"https:\/\/www.linkedin.com\/company\/klimkowicz\",\"https:\/\/de-de.facebook.com\/DiplKfmVincentKlimkowicz\/\"]}]}<\/script>\n<!-- \/ Yoast SEO plugin. -->","yoast_head_json":{"title":"Mit wem sprechen Sie, wenn schwierige Entscheidungen anstehen? | Business Counsellor - Top Management &amp; Senior Executives","description":"Sie suchen einen vertrauten und loyalen Gespr\u00e4chspartner, der mit Ihnen denkt und Ihre Entscheidungen begleitet - unkonventionell nach Ihrer L\u00f6sungen sucht?","robots":{"index":"index","follow":"follow","max-snippet":"max-snippet:-1","max-image-preview":"max-image-preview:large","max-video-preview":"max-video-preview:-1"},"canonical":"http:\/\/www.business-counsellor.de\/de\/","og_locale":"de_DE","og_type":"article","og_title":"Mit wem sprechen Sie, wenn schwierige Entscheidungen anstehen? | Business Counsellor - Top Management &amp; Senior Executives","og_description":"Sie suchen einen vertrauten und loyalen Gespr\u00e4chspartner, der mit Ihnen denkt und Ihre Entscheidungen begleitet - unkonventionell nach Ihrer L\u00f6sungen sucht?","og_url":"http:\/\/www.business-counsellor.de\/de\/","og_site_name":"Business Counsellor - Top Management &amp; Senior Executives","article_publisher":"https:\/\/de-de.facebook.com\/DiplKfmVincentKlimkowicz\/","article_modified_time":"2023-01-06T12:35:30+00:00","og_image":[{"width":1500,"height":728,"url":"http:\/\/www.business-counsellor.de\/de\/wp-content\/uploads\/2017\/06\/bc-start.jpg","type":"image\/jpeg"}],"twitter_card":"summary_large_image","twitter_misc":{"Gesch\u00e4tzte Lesezeit":"2\u00a0Minuten"},"schema":{"@context":"https:\/\/schema.org","@graph":[{"@type":"WebPage","@id":"http:\/\/www.business-counsellor.de\/de\/","url":"http:\/\/www.business-counsellor.de\/de\/","name":"Mit wem sprechen Sie, wenn schwierige Entscheidungen anstehen? | Business Counsellor - Top Management &amp; Senior Executives","isPartOf":{"@id":"http:\/\/www.business-counsellor.de\/de\/#website"},"datePublished":"2017-06-02T14:06:21+00:00","dateModified":"2023-01-06T12:35:30+00:00","description":"Sie suchen einen vertrauten und loyalen Gespr\u00e4chspartner, der mit Ihnen denkt und Ihre Entscheidungen begleitet - unkonventionell nach Ihrer L\u00f6sungen sucht?","breadcrumb":{"@id":"http:\/\/www.business-counsellor.de\/de\/#breadcrumb"},"inLanguage":"de","potentialAction":[{"@type":"ReadAction","target":["http:\/\/www.business-counsellor.de\/de\/"]}]},{"@type":"BreadcrumbList","@id":"http:\/\/www.business-counsellor.de\/de\/#breadcrumb","itemListElement":[{"@type":"ListItem","position":1,"name":"Startseite","item":"http:\/\/www.business-counsellor.de\/de\/"},{"@type":"ListItem","position":2,"name":"Mit wem sprechen Sie, wenn schwierige Entscheidungen anstehen?"}]},{"@type":"WebSite","@id":"http:\/\/www.business-counsellor.de\/de\/#website","url":"http:\/\/www.business-counsellor.de\/de\/","name":"Business Counsellor - Top Management &amp; Senior Executives","description":"spezialisiert auf die fachliche und pers\u00f6nliche Begleitung von Personen mit sehr hoher F\u00fchrungsverantwortung","publisher":{"@id":"http:\/\/www.business-counsellor.de\/de\/#organization"},"potentialAction":[{"@type":"SearchAction","target":{"@type":"EntryPoint","urlTemplate":"http:\/\/www.business-counsellor.de\/de\/?s={search_term_string}"},"query-input":"required name=search_term_string"}],"inLanguage":"de"},{"@type":"Organization","@id":"http:\/\/www.business-counsellor.de\/de\/#organization","name":"Business Counsellor Dipl.-Kfm. Vincent Klimkwowicz","url":"http:\/\/www.business-counsellor.de\/de\/","logo":{"@type":"ImageObject","inLanguage":"de","@id":"http:\/\/www.business-counsellor.de\/de\/#\/schema\/logo\/image\/","url":"http:\/\/www.business-counsellor.de\/de\/wp-content\/uploads\/2017\/06\/counsellorlogo.jpg","contentUrl":"http:\/\/www.business-counsellor.de\/de\/wp-content\/uploads\/2017\/06\/counsellorlogo.jpg","width":583,"height":200,"caption":"Business Counsellor Dipl.-Kfm. Vincent Klimkwowicz"},"image":{"@id":"http:\/\/www.business-counsellor.de\/de\/#\/schema\/logo\/image\/"},"sameAs":["https:\/\/www.linkedin.com\/company\/klimkowicz","https:\/\/de-de.facebook.com\/DiplKfmVincentKlimkowicz\/"]}]}},"_links":{"self":[{"href":"http:\/\/www.business-counsellor.de\/de\/wp-json\/wp\/v2\/pages\/88"}],"collection":[{"href":"http:\/\/www.business-counsellor.de\/de\/wp-json\/wp\/v2\/pages"}],"about":[{"href":"http:\/\/www.business-counsellor.de\/de\/wp-json\/wp\/v2\/types\/page"}],"author":[{"embeddable":true,"href":"http:\/\/www.business-counsellor.de\/de\/wp-json\/wp\/v2\/users\/1"}],"replies":[{"embeddable":true,"href":"http:\/\/www.business-counsellor.de\/de\/wp-json\/wp\/v2\/comments?post=88"}],"version-history":[{"count":53,"href":"http:\/\/www.business-counsellor.de\/de\/wp-json\/wp\/v2\/pages\/88\/revisions"}],"predecessor-version":[{"id":1099,"href":"http:\/\/www.business-counsellor.de\/de\/wp-json\/wp\/v2\/pages\/88\/revisions\/1099"}],"wp:featuredmedia":[{"embeddable":true,"href":"http:\/\/www.business-counsellor.de\/de\/wp-json\/wp\/v2\/media\/18"}],"wp:attachment":[{"href":"http:\/\/www.business-counsellor.de\/de\/wp-json\/wp\/v2\/media?parent=88"}],"curies":[{"name":"wp","href":"https:\/\/api.w.org\/{rel}","templated":true}]}}