{"id":625,"date":"2017-08-17T17:53:41","date_gmt":"2017-08-17T15:53:41","guid":{"rendered":"http:\/\/www.business-counsellor.de\/de\/?page_id=625"},"modified":"2018-01-25T13:29:24","modified_gmt":"2018-01-25T12:29:24","slug":"fluglotsen-prinzip-fuer-fuehrungskraefte-sicher-strukturiert-und-zuegig","status":"publish","type":"page","link":"http:\/\/www.business-counsellor.de\/de\/fluglotsen-prinzip-fuer-fuehrungskraefte-sicher-strukturiert-und-zuegig\/","title":{"rendered":"das &#8222;Fluglotsen Prinzip&#8220; f\u00fcr F\u00fchrungskr\u00e4fte <br><span style=\"color: #97053d;\">| sicher, strukturiert und z\u00fcgig<\/span><br><br>"},"content":{"rendered":"<div id=\"hhklammer\"><img decoding=\"async\" src=\"http:\/\/www.business-counsellor.de\/de\/wp-content\/uploads\/2017\/06\/hdown.png\" style=\"width: 1140px;\" alt=\"bg\"><\/p>\n<div id=\"hhleft\"><video class=\"seg\" poster=\"http:\/\/www.business-counsellor.de\/de\/wp-content\/uploads\/2018\/01\/radar.jpg\" autoplay=\"autoplay\" loop=\"loop\" muted=\"&quot;\"><br \/>\n<\/video><\/div>\n<div id=\"hhright-bd\"><\/div>\n<div id=\"hhdown\"><\/div>\n<\/div>\n<p>business counsellor |<\/p>\n<h1>das &#8222;Fluglotsen &#8211; Prinzip&#8220; &#8211; f\u00fcr F\u00fchrungskr\u00e4fte<\/h1>\n<p><strong>Das macht Ihre Routine-Arbeit und operatives Management planbarer, flexibler und schafft Kapazit\u00e4ten f\u00fcr die wirklich wichtigen Aufgaben.<\/strong><br \/>\nCoaching Angebot &#038; Online-Selbsttest <\/p>\n<h2>LEISTUNGSF\u00c4HIG im operativen Management<\/h2>\n<h3>safe, orderly and expeditious &#8211; sicher, strukturiert und z\u00fcgig<\/h3>\n<p>K\u00f6nnen Sie gleichzeitig<br \/>\n&#8211; dem Statusbericht Ihres Mitarbeiters folgen<br \/>\n&#8211; wichtige Informationen \u00fcber Telefon erhalten<br \/>\n&#8211; Ihre Assistenz auf wichtige Punkte aufmerksam machen<br \/>\n&#8211; mit Notizen dokumentieren<br \/>\n&#8211; n\u00e4chste Schritte vorplanen und priorisieren?<\/p>\n<p>K\u00f6nnten Sie in jedem Moment aufstehen und den Raum verlassen,<br \/>\ntrotzdem l\u00e4uft alles in geordneten Bahnen weiter und bleibt nicht liegen?<\/p>\n<p><strong>Das k\u00f6nnen Sie nicht?<\/strong><br \/>\nEin Fluglotse kann das.<br \/>\nSie auch!<\/p>\n<h3>operatives Management routiniert abarbeiten und Kapazit\u00e4ten schaffen<\/h3>\n<p>F\u00fcr den Fluglotsen steht fest, er muss es k\u00f6nnen.<br \/>\nImmerhin h\u00e4ngen in diesem Augenblick mehrere hundert Menschenleben von seiner Arbeit ab. <\/p>\n<p>Wom\u00f6glich denken Sie, dass Ihre Aufgabe das nicht erfordert.<br \/>\n<strong>Ist die Zukunft Ihres Unternehmens und aller Mitarbeiter nicht auch von Ihrer Arbeit abh\u00e4ngig?<\/strong><br \/>\nWie gestaltet sich diese Zukunft, wenn Entscheidungen verschleppt werden, Informationen verloren gehen oder Mitarbeiter schlichtweg nicht wissen, was sie zu tun haben, geschweige mitdenken?<\/p>\n<p>Der Fluglotse muss gleichzeitig h\u00f6ren, was ein Pilot sagt, dies dokumentieren, einen Anruf entgegennehmen, der wom\u00f6glich f\u00fcr die Situation dringende Informationen vermittelt und seinen Partner in diesem Moment dar\u00fcber informieren.<br \/>\nWie er das macht?<\/p>\n<p><strong>So, wie Sie auch, wenn Sie Standards vereinbaren, Prozessabl\u00e4ufe f\u00fcr jeden nachvollziehbar etablieren und ein gesundes Ma\u00df an Teamf\u00e4higkeit besitzen.<\/strong> <\/p>\n<h3>Selbsttest &#8211; online<\/h3>\n<p>Probieren Sie sich aus:<br \/>\n<a href=\"http:\/\/www.openscope.co\" title=\"selbsttest\" target=\"_blank\"><br \/>\n<img decoding=\"async\" loading=\"lazy\" src=\"http:\/\/www.business-counsellor.de\/de\/wp-content\/uploads\/2018\/01\/erg.png\" alt=\"bsp-bild\" width=\"1000\" height=\"700\" class=\"size-full wp-image-965\" \/> <\/a> <\/p>\n<p><strong>Schaffe Sie 200 Punkte in 10 Minuten?<\/strong><br \/>\nUnter <a href=\"http:\/\/www.openscope.co\" title=\"selbsttest\" target=\"_blank\">www.openscope.co<\/a> k\u00f6nnen Sie Ihre F\u00e4higkeiten testen.<br \/>\nW\u00e4hlen Sie rechtsunten den Flughafen &#8222;Dublin&#8220; aus und erreichen Sie mit etwas \u00dcbung in 10 Minuten 200 Punkte.<\/p>\n<p>Gern zeige ich Ihnen, wie Sie mit dem <strong>Fluglotsen-Prinzip<\/strong> nicht nur diese Simulation, sondern vor allem Ihre t\u00e4gliche Arbeit entspannter angehen k\u00f6nnen.<br \/>\nSie werden viel mehr Zeit zum Denken und andere Aufgaben haben.<\/p>\n<p><strong>Mit Ihnen schaffe ich st\u00e4ndiges Reagieren und Getriebensein ab.<br \/> Damit Sie zuk\u00fcnftig in das sichere Agieren und vorauschauende Handeln kommen.<\/strong> <\/p>\n<h3>effiziente Methoden<\/h3>\n<p>Vielleicht brauchen Sie nicht die Geschwindigkeit, wie ein Fluglotse.<br \/>\nAllerdings entlasten Sie<br \/>\nabgeschlossene Aufgaben,<br \/>\nparallel, fertige Dokumentationen,<br \/>\nschnelle Verst\u00e4ndigung mit Mitarbeitern und<br \/>\nProzesse, die nicht st\u00e4ndig kontrolliert und neu beurteilt werden m\u00fcssen.<br \/>\n<strong>Das macht Ihre Routine-Arbeit planbarer und flexibler f\u00fcr die wirklich wichtigen Aufgaben.<\/strong><\/p>\n<p>Mein Angebot zielt nicht darauf ab aus Ihnen einen Fluglotsen zu machen.<br \/>\nAllerdings er\u00f6ffnet Ihnen diese Technik Freir\u00e4ume. Sie haben schon fast alles, was es daf\u00fcr braucht.<br \/>\nDarum werde ich mit Ihnen das Rad nicht neu erfinden, lediglich an den wichtigen Stellen mit Ihnen optimieren, damit Ihr Rad rund l\u00e4uft. <\/p>\n<p><strong>Vor allem sollen Sie Kapazit\u00e4ten frei haben, sich mit der Gestaltung der Zukunft des Unternehmens zu befassen, <br \/>statt stetig im operativen Management gebunden zu sein.<\/strong><br \/>\nDaf\u00fcr m\u00fcssen Aufgaben pr\u00e4zise priorisiert und noch unerledigte flexibel und sicher zur Umsetzung gebracht werden. <br \/>Das, bevor Aufgaben Sie als Dringlichkeits- und Wichtigkeitswelle sp\u00e4ter l\u00e4hmen.<\/p>\n<h3>Coaching &#8211; das &#8222;Fluglotsen-Prinzip&#8220;<\/h3>\n<p>2 Tage Workshop\/Coaching<br \/>\n&#8211; modernes Erlernen im Erleben | schnelles Lernen ohne graue Theorie oder Vortr\u00e4ge<br \/>\n&#8211; pers\u00f6nliche Entwicklung in der Anwendung | individuelles St\u00e4rken der F\u00e4higkeiten ohne psychologisierte Stufenprogramme<br \/>\n&#8211; praxisnaher Transfer in den pers\u00f6nlichen Arbeitsalltag | praxistaugliche Anwendung ohne sperrigen Mehraufwand<br \/>\n&#8211; ganzheitliche Unterst\u00fctzung in allen Facetten | fachlich professionelle Identifizierung pers\u00f6nlicher L\u00f6sungswege und Begleitung in allen Aufgabenfeldern<br \/>\n&#8211; individuelle Leistungsoptimierung | fordern und entspannen in gediegener Atmosph\u00e4re, mit offenen Gespr\u00e4chen<\/p>\n<p><a href=\"http:\/\/www.business-counsellor.de\/de\/kontakt\/\" title=\"kontakt\">Sind Sie bereit Herausforderungen zuk\u00fcnftig entspannter anzugehen? Kontakt aufnehmen ..<\/a> <\/p>\n<p>&nbsp;<br \/>&nbsp;<\/p>\n<p>| business counsellor<\/p>\n<p><img decoding=\"async\" loading=\"lazy\" class=\"alignnone wp-image-14\" src=\"http:\/\/www.business-counsellor.de\/de\/wp-content\/uploads\/2017\/06\/counsellorlogo.jpg\" alt=\"business counsellor\" width=\"426\" height=\"146\" srcset=\"http:\/\/www.business-counsellor.de\/de\/wp-content\/uploads\/2017\/06\/counsellorlogo.jpg 583w, http:\/\/www.business-counsellor.de\/de\/wp-content\/uploads\/2017\/06\/counsellorlogo-300x103.jpg 300w\" sizes=\"(max-width: 426px) 100vw, 426px\" \/><\/p>\n<p><a href=\"http:\/\/www.business-counsellor.de\/de\/counselling\/\" title=\"Business Counselling\">Business Counselling<\/a> | <a href=\"http:\/\/www.business-counsellor.de\/de\/sparring\/\" title=\"Business Sparring\">Business Sparring<\/a> | <a href=\"http:\/\/www.business-counsellor.de\/de\/deployment\/\" title=\"Business Deployment\">Business Deployment<\/a><\/p>\n<p>&nbsp;<br \/>&nbsp;<\/p>\n<h2>Ihr Business Counsellor<\/h2>\n<h3>in Deutschland<br \/>und vor Ort<br \/>wo Sie mich brauchen<\/h3>\n","protected":false},"excerpt":{"rendered":"<p>business counsellor | das &#8222;Fluglotsen &#8211; Prinzip&#8220; &#8211; f\u00fcr F\u00fchrungskr\u00e4fte Das macht Ihre Routine-Arbeit und operatives Management planbarer, flexibler und schafft Kapazit\u00e4ten f\u00fcr die wirklich wichtigen Aufgaben. Coaching Angebot &#038; Online-Selbsttest LEISTUNGSF\u00c4HIG im operativen Management safe, orderly and expeditious &#8211; sicher, strukturiert und z\u00fcgig K\u00f6nnen Sie gleichzeitig &#8211; dem Statusbericht Ihres Mitarbeiters folgen &#8211; wichtige Informationen \u00fcber Telefon erhalten &#8211; Ihre Assistenz auf wichtige Punkte aufmerksam machen &#8211; mit Notizen &hellip; <\/p>\n","protected":false},"author":1,"featured_media":0,"parent":0,"menu_order":0,"comment_status":"closed","ping_status":"closed","template":"page-templates\/grid-page.php","meta":[],"yoast_head":"<!-- This site is optimized with the Yoast SEO plugin v19.13 - https:\/\/yoast.com\/wordpress\/plugins\/seo\/ -->\n<title>das &quot;Fluglotsen Prinzip&quot; f\u00fcr F\u00fchrungskr\u00e4fte | sicher, strukturiert und z\u00fcgig | Business Counsellor - Top Management &amp; Senior Executives<\/title>\n<meta name=\"description\" content=\"Effizientes Managhement - Wie gestaltet sich die Zukunft, wenn Entscheidungen verschleppt werden, Informationen verloren gehen oder Mitarbeiter nicht wissen\" \/>\n<meta name=\"robots\" content=\"index, follow, max-snippet:-1, max-image-preview:large, max-video-preview:-1\" \/>\n<link rel=\"canonical\" href=\"http:\/\/www.business-counsellor.de\/de\/fluglotsen-prinzip-fuer-fuehrungskraefte-sicher-strukturiert-und-zuegig\/\" \/>\n<meta property=\"og:locale\" content=\"de_DE\" \/>\n<meta property=\"og:type\" content=\"article\" \/>\n<meta property=\"og:title\" content=\"das &quot;Fluglotsen Prinzip&quot; f\u00fcr F\u00fchrungskr\u00e4fte | sicher, strukturiert und z\u00fcgig | Business Counsellor - Top Management &amp; Senior Executives\" \/>\n<meta property=\"og:description\" content=\"Effizientes Managhement - Wie gestaltet sich die Zukunft, wenn Entscheidungen verschleppt werden, Informationen verloren gehen oder Mitarbeiter nicht wissen\" \/>\n<meta property=\"og:url\" content=\"http:\/\/www.business-counsellor.de\/de\/fluglotsen-prinzip-fuer-fuehrungskraefte-sicher-strukturiert-und-zuegig\/\" \/>\n<meta property=\"og:site_name\" content=\"Business Counsellor - Top Management &amp; Senior Executives\" \/>\n<meta property=\"article:publisher\" content=\"https:\/\/de-de.facebook.com\/DiplKfmVincentKlimkowicz\/\" \/>\n<meta property=\"article:modified_time\" content=\"2018-01-25T12:29:24+00:00\" \/>\n<meta property=\"og:image\" content=\"http:\/\/www.business-counsellor.de\/de\/wp-content\/uploads\/2017\/06\/hdown.png\" \/>\n<meta name=\"twitter:card\" content=\"summary_large_image\" \/>\n<meta name=\"twitter:label1\" content=\"Gesch\u00e4tzte Lesezeit\" \/>\n\t<meta name=\"twitter:data1\" content=\"3\u00a0Minuten\" \/>\n<script type=\"application\/ld+json\" class=\"yoast-schema-graph\">{\"@context\":\"https:\/\/schema.org\",\"@graph\":[{\"@type\":\"WebPage\",\"@id\":\"http:\/\/www.business-counsellor.de\/de\/fluglotsen-prinzip-fuer-fuehrungskraefte-sicher-strukturiert-und-zuegig\/\",\"url\":\"http:\/\/www.business-counsellor.de\/de\/fluglotsen-prinzip-fuer-fuehrungskraefte-sicher-strukturiert-und-zuegig\/\",\"name\":\"das \\\"Fluglotsen Prinzip\\\" f\u00fcr F\u00fchrungskr\u00e4fte | sicher, strukturiert und z\u00fcgig | Business Counsellor - Top Management &amp; Senior Executives\",\"isPartOf\":{\"@id\":\"http:\/\/www.business-counsellor.de\/de\/#website\"},\"datePublished\":\"2017-08-17T15:53:41+00:00\",\"dateModified\":\"2018-01-25T12:29:24+00:00\",\"description\":\"Effizientes Managhement - Wie gestaltet sich die Zukunft, wenn Entscheidungen verschleppt werden, Informationen verloren gehen oder Mitarbeiter nicht wissen\",\"breadcrumb\":{\"@id\":\"http:\/\/www.business-counsellor.de\/de\/fluglotsen-prinzip-fuer-fuehrungskraefte-sicher-strukturiert-und-zuegig\/#breadcrumb\"},\"inLanguage\":\"de\",\"potentialAction\":[{\"@type\":\"ReadAction\",\"target\":[\"http:\/\/www.business-counsellor.de\/de\/fluglotsen-prinzip-fuer-fuehrungskraefte-sicher-strukturiert-und-zuegig\/\"]}]},{\"@type\":\"BreadcrumbList\",\"@id\":\"http:\/\/www.business-counsellor.de\/de\/fluglotsen-prinzip-fuer-fuehrungskraefte-sicher-strukturiert-und-zuegig\/#breadcrumb\",\"itemListElement\":[{\"@type\":\"ListItem\",\"position\":1,\"name\":\"Startseite\",\"item\":\"http:\/\/www.business-counsellor.de\/de\/\"},{\"@type\":\"ListItem\",\"position\":2,\"name\":\"das &#8222;Fluglotsen Prinzip&#8220; f\u00fcr F\u00fchrungskr\u00e4fte &lt;br&gt;&lt;span style=&quot;color: #97053d;&quot;&gt;| sicher, strukturiert und z\u00fcgig&lt;\/span&gt;&lt;br&gt;&lt;br&gt;\"}]},{\"@type\":\"WebSite\",\"@id\":\"http:\/\/www.business-counsellor.de\/de\/#website\",\"url\":\"http:\/\/www.business-counsellor.de\/de\/\",\"name\":\"Business Counsellor - Top Management &amp; Senior Executives\",\"description\":\"spezialisiert auf die fachliche und pers\u00f6nliche Begleitung von Personen mit sehr hoher F\u00fchrungsverantwortung\",\"publisher\":{\"@id\":\"http:\/\/www.business-counsellor.de\/de\/#organization\"},\"potentialAction\":[{\"@type\":\"SearchAction\",\"target\":{\"@type\":\"EntryPoint\",\"urlTemplate\":\"http:\/\/www.business-counsellor.de\/de\/?s={search_term_string}\"},\"query-input\":\"required name=search_term_string\"}],\"inLanguage\":\"de\"},{\"@type\":\"Organization\",\"@id\":\"http:\/\/www.business-counsellor.de\/de\/#organization\",\"name\":\"Business Counsellor Dipl.-Kfm. Vincent Klimkwowicz\",\"url\":\"http:\/\/www.business-counsellor.de\/de\/\",\"logo\":{\"@type\":\"ImageObject\",\"inLanguage\":\"de\",\"@id\":\"http:\/\/www.business-counsellor.de\/de\/#\/schema\/logo\/image\/\",\"url\":\"http:\/\/www.business-counsellor.de\/de\/wp-content\/uploads\/2017\/06\/counsellorlogo.jpg\",\"contentUrl\":\"http:\/\/www.business-counsellor.de\/de\/wp-content\/uploads\/2017\/06\/counsellorlogo.jpg\",\"width\":583,\"height\":200,\"caption\":\"Business Counsellor Dipl.-Kfm. Vincent Klimkwowicz\"},\"image\":{\"@id\":\"http:\/\/www.business-counsellor.de\/de\/#\/schema\/logo\/image\/\"},\"sameAs\":[\"https:\/\/www.linkedin.com\/company\/klimkowicz\",\"https:\/\/de-de.facebook.com\/DiplKfmVincentKlimkowicz\/\"]}]}<\/script>\n<!-- \/ Yoast SEO plugin. -->","yoast_head_json":{"title":"das \"Fluglotsen Prinzip\" f\u00fcr F\u00fchrungskr\u00e4fte | sicher, strukturiert und z\u00fcgig | Business Counsellor - Top Management &amp; Senior Executives","description":"Effizientes Managhement - Wie gestaltet sich die Zukunft, wenn Entscheidungen verschleppt werden, Informationen verloren gehen oder Mitarbeiter nicht wissen","robots":{"index":"index","follow":"follow","max-snippet":"max-snippet:-1","max-image-preview":"max-image-preview:large","max-video-preview":"max-video-preview:-1"},"canonical":"http:\/\/www.business-counsellor.de\/de\/fluglotsen-prinzip-fuer-fuehrungskraefte-sicher-strukturiert-und-zuegig\/","og_locale":"de_DE","og_type":"article","og_title":"das \"Fluglotsen Prinzip\" f\u00fcr F\u00fchrungskr\u00e4fte | sicher, strukturiert und z\u00fcgig | Business Counsellor - Top Management &amp; Senior Executives","og_description":"Effizientes Managhement - Wie gestaltet sich die Zukunft, wenn Entscheidungen verschleppt werden, Informationen verloren gehen oder Mitarbeiter nicht wissen","og_url":"http:\/\/www.business-counsellor.de\/de\/fluglotsen-prinzip-fuer-fuehrungskraefte-sicher-strukturiert-und-zuegig\/","og_site_name":"Business Counsellor - Top Management &amp; Senior Executives","article_publisher":"https:\/\/de-de.facebook.com\/DiplKfmVincentKlimkowicz\/","article_modified_time":"2018-01-25T12:29:24+00:00","og_image":[{"url":"http:\/\/www.business-counsellor.de\/de\/wp-content\/uploads\/2017\/06\/hdown.png"}],"twitter_card":"summary_large_image","twitter_misc":{"Gesch\u00e4tzte Lesezeit":"3\u00a0Minuten"},"schema":{"@context":"https:\/\/schema.org","@graph":[{"@type":"WebPage","@id":"http:\/\/www.business-counsellor.de\/de\/fluglotsen-prinzip-fuer-fuehrungskraefte-sicher-strukturiert-und-zuegig\/","url":"http:\/\/www.business-counsellor.de\/de\/fluglotsen-prinzip-fuer-fuehrungskraefte-sicher-strukturiert-und-zuegig\/","name":"das \"Fluglotsen Prinzip\" f\u00fcr F\u00fchrungskr\u00e4fte | sicher, strukturiert und z\u00fcgig | Business Counsellor - Top Management &amp; Senior Executives","isPartOf":{"@id":"http:\/\/www.business-counsellor.de\/de\/#website"},"datePublished":"2017-08-17T15:53:41+00:00","dateModified":"2018-01-25T12:29:24+00:00","description":"Effizientes Managhement - Wie gestaltet sich die Zukunft, wenn Entscheidungen verschleppt werden, Informationen verloren gehen oder Mitarbeiter nicht wissen","breadcrumb":{"@id":"http:\/\/www.business-counsellor.de\/de\/fluglotsen-prinzip-fuer-fuehrungskraefte-sicher-strukturiert-und-zuegig\/#breadcrumb"},"inLanguage":"de","potentialAction":[{"@type":"ReadAction","target":["http:\/\/www.business-counsellor.de\/de\/fluglotsen-prinzip-fuer-fuehrungskraefte-sicher-strukturiert-und-zuegig\/"]}]},{"@type":"BreadcrumbList","@id":"http:\/\/www.business-counsellor.de\/de\/fluglotsen-prinzip-fuer-fuehrungskraefte-sicher-strukturiert-und-zuegig\/#breadcrumb","itemListElement":[{"@type":"ListItem","position":1,"name":"Startseite","item":"http:\/\/www.business-counsellor.de\/de\/"},{"@type":"ListItem","position":2,"name":"das &#8222;Fluglotsen Prinzip&#8220; f\u00fcr F\u00fchrungskr\u00e4fte &lt;br&gt;&lt;span style=&quot;color: #97053d;&quot;&gt;| sicher, strukturiert und z\u00fcgig&lt;\/span&gt;&lt;br&gt;&lt;br&gt;"}]},{"@type":"WebSite","@id":"http:\/\/www.business-counsellor.de\/de\/#website","url":"http:\/\/www.business-counsellor.de\/de\/","name":"Business Counsellor - Top Management &amp; Senior Executives","description":"spezialisiert auf die fachliche und pers\u00f6nliche Begleitung von Personen mit sehr hoher F\u00fchrungsverantwortung","publisher":{"@id":"http:\/\/www.business-counsellor.de\/de\/#organization"},"potentialAction":[{"@type":"SearchAction","target":{"@type":"EntryPoint","urlTemplate":"http:\/\/www.business-counsellor.de\/de\/?s={search_term_string}"},"query-input":"required name=search_term_string"}],"inLanguage":"de"},{"@type":"Organization","@id":"http:\/\/www.business-counsellor.de\/de\/#organization","name":"Business Counsellor Dipl.-Kfm. Vincent Klimkwowicz","url":"http:\/\/www.business-counsellor.de\/de\/","logo":{"@type":"ImageObject","inLanguage":"de","@id":"http:\/\/www.business-counsellor.de\/de\/#\/schema\/logo\/image\/","url":"http:\/\/www.business-counsellor.de\/de\/wp-content\/uploads\/2017\/06\/counsellorlogo.jpg","contentUrl":"http:\/\/www.business-counsellor.de\/de\/wp-content\/uploads\/2017\/06\/counsellorlogo.jpg","width":583,"height":200,"caption":"Business Counsellor Dipl.-Kfm. Vincent Klimkwowicz"},"image":{"@id":"http:\/\/www.business-counsellor.de\/de\/#\/schema\/logo\/image\/"},"sameAs":["https:\/\/www.linkedin.com\/company\/klimkowicz","https:\/\/de-de.facebook.com\/DiplKfmVincentKlimkowicz\/"]}]}},"_links":{"self":[{"href":"http:\/\/www.business-counsellor.de\/de\/wp-json\/wp\/v2\/pages\/625"}],"collection":[{"href":"http:\/\/www.business-counsellor.de\/de\/wp-json\/wp\/v2\/pages"}],"about":[{"href":"http:\/\/www.business-counsellor.de\/de\/wp-json\/wp\/v2\/types\/page"}],"author":[{"embeddable":true,"href":"http:\/\/www.business-counsellor.de\/de\/wp-json\/wp\/v2\/users\/1"}],"replies":[{"embeddable":true,"href":"http:\/\/www.business-counsellor.de\/de\/wp-json\/wp\/v2\/comments?post=625"}],"version-history":[{"count":26,"href":"http:\/\/www.business-counsellor.de\/de\/wp-json\/wp\/v2\/pages\/625\/revisions"}],"predecessor-version":[{"id":967,"href":"http:\/\/www.business-counsellor.de\/de\/wp-json\/wp\/v2\/pages\/625\/revisions\/967"}],"wp:attachment":[{"href":"http:\/\/www.business-counsellor.de\/de\/wp-json\/wp\/v2\/media?parent=625"}],"curies":[{"name":"wp","href":"https:\/\/api.w.org\/{rel}","templated":true}]}}