{"id":592,"date":"2017-08-17T18:22:14","date_gmt":"2017-08-17T16:22:14","guid":{"rendered":"http:\/\/www.business-counsellor.de\/de\/?page_id=592"},"modified":"2018-01-25T13:33:40","modified_gmt":"2018-01-25T12:33:40","slug":"coaching-agieren-statt-reagieren","status":"publish","type":"page","link":"http:\/\/www.business-counsellor.de\/de\/coaching-agieren-statt-reagieren\/","title":{"rendered":"coaching <br><span style=\"color: #97053d;\">agieren statt reagieren<\/span><br><br>"},"content":{"rendered":"<div id=\"hhklammer\"><img decoding=\"async\" src=\"http:\/\/www.business-counsellor.de\/de\/wp-content\/uploads\/2017\/06\/hdown.png\" style=\"width: 1140px;\" alt=\"bg\"><\/p>\n<div id=\"hhleft\"><video class=\"seg\" poster=\"http:\/\/www.business-counsellor.de\/de\/wp-content\/uploads\/2017\/06\/baum3.jpg\" autoplay=\"autoplay\" loop=\"loop\" muted=\"&quot;\"><source src=\"http:\/\/www.business-counsellor.de\/de\/wp-content\/uploads\/2017\/06\/baum4.ogv\" type=\"video\/ogg\" \/><source src=\"http:\/\/www.business-counsellor.de\/de\/wp-content\/uploads\/2017\/06\/baum4.mp4\" type=\"video\/mp4\" \/><\/video><\/div>\n<div id=\"hhright-bd\"><\/div>\n<div id=\"hhdown\"><\/div>\n<\/div>\n<p>| business counsellor <\/p>\n<h1>&#8222;AGIEREN statt reAGIEREN&#8220; &#8211; Coaching Angebote<\/h1>\n<p>vorausdenken und handeln<\/p>\n<div class=\"coa-l\"><a href=\"http:\/\/www.business-counsellor.de\/de\/fluglotsen-prinzip-fuer-fuehrungskraefte-sicher-strukturiert-und-zuegig\">das &#8222;Fluglotsen &#8211; Prinzip&#8220;<\/a><\/div>\n<div class=\"coa-r\"> | Leistungsf\u00e4higkeit <\/div>\n<div class=\"coa-i\">operatives Management schnell und effizient abarbeiten<\/div>\n<div class=\"clearer\"><\/div>\n<div class=\"coa-l\"><a href=\"#op\">das &#8222;Offizier &#8211; Prinzip&#8220;<\/a><\/div>\n<div class=\"coa-r\"> | F\u00fchrungsst\u00e4rke <\/div>\n<div class=\"coa-i\">Ungewissheit und Risiko strukturiert und aktiv begegnen <\/div>\n<div class=\"clearer\"><\/div>\n<div class=\"coa-l\"><a href=\"#dp\">das &#8222;DJ &#8211; Prinzip&#8220;<\/a><\/div>\n<div class=\"coa-r\"> | Ver\u00e4nderungsmanagement <\/div>\n<div class=\"coa-i\">\u00dcberg\u00e4nge passend und sauber umsetzen<\/div>\n<div class=\"clearer\"><\/div>\n<div class=\"coa-l\"><a href=\"#cp\">das &#8222;CISM &#8211; Prinzip&#8220;<\/a><\/div>\n<div class=\"coa-r\"> | Handlungsf\u00e4higkeit <\/div>\n<div class=\"coa-i\">kritischen Situationen strukturiert und l\u00f6send begegnen<\/div>\n<div class=\"clearer\"><\/div>\n<div class=\"coa-l\"><a href=\"#bp\">das &#8222;Boule &#8211; Prinzip&#8220;<\/a><\/div>\n<div class=\"coa-r\"> | Kernkompetenz <\/div>\n<div class=\"coa-i\">sch\u00e4rfen und zielf\u00fchrend entwicklen<\/div>\n<div class=\"clearer\"><\/div>\n<div id=\"fp\"><\/div>\n<p>&nbsp;<br \/>&nbsp;<br \/>&nbsp;<\/p>\n<h2>LEISTUNGSF\u00c4HIG im operativen Management<\/h2>\n<h3>das &#8222;Fluglotsen &#8211; Prinzip&#8220;<\/h3>\n<h4>safe, orderly and expeditious &#8211; sicher, strukturiert und z\u00fcgig<\/h4>\n<p>K\u00f6nnen Sie gleichzeitig<br \/>\n&#8211; dem Statusbericht Ihres Mitarbeiters folgen<br \/>\n&#8211; wichtige Informationen \u00fcber Telefon erhalten<br \/>\n&#8211; Ihre Assistenz auf wichtige Punkte aufmerksam machen<br \/>\n&#8211; mit Notizen dokumentieren<br \/>\n&#8211; n\u00e4chste Schritte vorplanen und priorisieren?<\/p>\n<p>K\u00f6nnten Sie in jedem Moment aufstehen und den Raum verlassen,<br \/>\ntrotzdem l\u00e4uft alles in geordneten Bahnen weiter und bleibt nicht liegen?<\/p>\n<p><strong>Das k\u00f6nnen Sie nicht?<\/strong><br \/>\nEin Fluglotse kann das.<br \/>\nSie auch!<\/p>\n<p>Coaching Angebot &#038; Online Selbsttest<\/p>\n<p><a href=\"http:\/\/www.business-counsellor.de\/de\/fluglotsen-prinzip-fuer-fuehrungskraefte-sicher-strukturiert-und-zuegig\">Finden Sie es heraus &#8230;<\/a><\/p>\n<div id=\"op\"><\/div>\n<p>&nbsp;<br \/>&nbsp;<br \/>&nbsp;<\/p>\n<h2>F\u00dcHRUNGSSTARK in Ungewissheit und Risiken<\/h2>\n<h3>das &#8222;Offizier &#8211; Prinzip&#8220;<\/h3>\n<h4>target, team, tactic: operate &#8211; Ziel, Gruppe, Taktik: Handeln<\/h4>\n<p><a href=\"www.business-counsellor.de\/de\/kontakt\" target=\"_blank\">Finden Sie es heraus &#8230;<\/a><\/p>\n<div id=\"dp\"><\/div>\n<p>&nbsp;<br \/>&nbsp;<br \/>&nbsp;<\/p>\n<h2>EFFEKTIV im Ver\u00e4nderungsmanagement<\/h2>\n<h3>das &#8222;DJ &#8211; Prinzip&#8220;<\/h3>\n<h4>mixed in key \u2013 sauberer \u00dcbergang<\/h4>\n<p>Eine der Hauptaufgaben der obersten Leitung eines Unternehmens ist die stetige Anpassung und Ver\u00e4nderung der Unternehmensausrichtung und -strukturen. Ob diese Ver\u00e4nderungen vision\u00e4r intern oder auch regulativ extern angesto\u00dfen werden, spielt dabei keine Rolle.<br \/>\n<strong>Das &#8222;DJ &#8211; Prinzip&#8220; ist eine simple Vorgehensweise, mit klarer Methodik, die viele Probleme und Widerst\u00e4nde verhindert.<\/strong><\/p>\n<p><strong>Das Musik-Mixen des DJs ist mit dem Ver\u00e4nderungsmanagement in Unternehmen nicht zu vergleichen?<\/strong><br \/>\nOh doch!<\/p>\n<p><a href=\"www.business-counsellor.de\/de\/kontakt\" target=\"_blank\">Finden Sie es heraus &#8230;<\/a><\/p>\n<div id=\"cp\"><\/div>\n<p>&nbsp;<br \/>&nbsp;<br \/>&nbsp;<\/p>\n<h2>HANDLUNGSF\u00c4HIG in Problemlagen und Krisen<\/h2>\n<h3>das &#8222;CISM &#8211; Prinzip&#8220;<\/h3>\n<h4>critical incident stress management &#8211; Handlungsf\u00e4higkeit\/Stressverarbeitung nach kritischen Ereignissen<\/h4>\n<p><a href=\"www.business-counsellor.de\/de\/kontakt\" target=\"_blank\">Finden Sie es heraus &#8230;<\/a><\/p>\n<div id=\"bp\"><\/div>\n<p>&nbsp;<br \/>&nbsp;<br \/>&nbsp;<\/p>\n<h2>KERNKOMPETENZ sch\u00e4rfen<\/h2>\n<h3>das &#8222;Boule &#8211; Prinzip&#8220;<\/h3>\n<p>Was hat ein Boule-Spiel mit unternehmerischen oder F\u00fchrungsf\u00e4higkeiten zu tun?<\/p>\n<p><strong>Per se &#8211; nichts!<\/strong><\/p>\n<p><a href=\"www.business-counsellor.de\/de\/kontakt\" target=\"_blank\">Finden Sie es heraus &#8230;<\/a><\/p>\n<p>&nbsp;<br \/>&nbsp;<\/p>\n<p><a href=\"http:\/\/www.business-counsellor.de\/de\/kontakt\/\" title=\"Kontakt aufnehmen\"><\/p>\n<h2>Ihr Business Counsellor<\/h2>\n<h3>in Deutschland<br \/>und vor Ort<br \/>wo Sie mich brauchen<\/h3>\n<p><\/a><\/p>\n<p><a href=\"http:\/\/www.business-counsellor.de\/de\/counselling\/\" title=\"Business Counselling\">Counselling<\/a> | <a href=\"http:\/\/www.business-counsellor.de\/de\/sparring\/\" title=\"Business Sparring\">Sparring<\/a> | <a href=\"http:\/\/www.business-counsellor.de\/de\/deployment\/\" title=\"Business Deployment\">Deployment<\/a><\/p>\n<p>&nbsp;<\/p>\n<p><a href=\"http:\/\/www.business-counsellor.de\/de\/kontakt\/\" title=\"Kontakt aufnehmen\"><span class=\"dashicons dashicons-email\"><\/span> Kontakt aufnehmen ..<\/a><\/p>\n","protected":false},"excerpt":{"rendered":"<p>| business counsellor &#8222;AGIEREN statt reAGIEREN&#8220; &#8211; Coaching Angebote vorausdenken und handeln das &#8222;Fluglotsen &#8211; Prinzip&#8220; | Leistungsf\u00e4higkeit operatives Management schnell und effizient abarbeiten das &#8222;Offizier &#8211; Prinzip&#8220; | F\u00fchrungsst\u00e4rke Ungewissheit und Risiko strukturiert und aktiv begegnen das &#8222;DJ &#8211; Prinzip&#8220; | Ver\u00e4nderungsmanagement \u00dcberg\u00e4nge passend und sauber umsetzen das &#8222;CISM &#8211; Prinzip&#8220; | Handlungsf\u00e4higkeit kritischen Situationen strukturiert und l\u00f6send begegnen das &#8222;Boule &#8211; Prinzip&#8220; | Kernkompetenz sch\u00e4rfen und zielf\u00fchrend entwicklen &hellip; <\/p>\n","protected":false},"author":1,"featured_media":933,"parent":0,"menu_order":0,"comment_status":"closed","ping_status":"closed","template":"page-templates\/grid-page.php","meta":[],"yoast_head":"<!-- This site is optimized with the Yoast SEO plugin v19.13 - https:\/\/yoast.com\/wordpress\/plugins\/seo\/ -->\n<title>coaching agieren statt reagieren | Business Counsellor - Top Management &amp; Senior Executives<\/title>\n<meta name=\"description\" content=\"&quot;AGIEREN statt reAGIEREN&quot; - Coaching Angebote | vorausdenken und handeln | Leistungsf\u00e4higkeit, F\u00fchrungsst\u00e4rke, Ver\u00e4nderungsmanagement, Handlungsf\u00e4higkeit\" \/>\n<meta name=\"robots\" content=\"index, follow, max-snippet:-1, max-image-preview:large, max-video-preview:-1\" \/>\n<link rel=\"canonical\" href=\"http:\/\/www.business-counsellor.de\/de\/coaching-agieren-statt-reagieren\/\" \/>\n<meta property=\"og:locale\" content=\"de_DE\" \/>\n<meta property=\"og:type\" content=\"article\" \/>\n<meta property=\"og:title\" content=\"coaching agieren statt reagieren | Business Counsellor - Top Management &amp; Senior Executives\" \/>\n<meta property=\"og:description\" content=\"&quot;AGIEREN statt reAGIEREN&quot; - Coaching Angebote | vorausdenken und handeln | Leistungsf\u00e4higkeit, F\u00fchrungsst\u00e4rke, Ver\u00e4nderungsmanagement, Handlungsf\u00e4higkeit\" \/>\n<meta property=\"og:url\" content=\"http:\/\/www.business-counsellor.de\/de\/coaching-agieren-statt-reagieren\/\" \/>\n<meta property=\"og:site_name\" content=\"Business Counsellor - Top Management &amp; Senior Executives\" \/>\n<meta property=\"article:publisher\" content=\"https:\/\/de-de.facebook.com\/DiplKfmVincentKlimkowicz\/\" \/>\n<meta property=\"article:modified_time\" content=\"2018-01-25T12:33:40+00:00\" \/>\n<meta property=\"og:image\" content=\"http:\/\/www.business-counsellor.de\/de\/wp-content\/uploads\/2017\/11\/hdown-4.png\" \/>\n\t<meta property=\"og:image:width\" content=\"1140\" \/>\n\t<meta property=\"og:image:height\" content=\"800\" \/>\n\t<meta property=\"og:image:type\" content=\"image\/png\" \/>\n<meta name=\"twitter:card\" content=\"summary_large_image\" \/>\n<meta name=\"twitter:label1\" content=\"Gesch\u00e4tzte Lesezeit\" \/>\n\t<meta name=\"twitter:data1\" content=\"2\u00a0Minuten\" \/>\n<script type=\"application\/ld+json\" class=\"yoast-schema-graph\">{\"@context\":\"https:\/\/schema.org\",\"@graph\":[{\"@type\":\"WebPage\",\"@id\":\"http:\/\/www.business-counsellor.de\/de\/coaching-agieren-statt-reagieren\/\",\"url\":\"http:\/\/www.business-counsellor.de\/de\/coaching-agieren-statt-reagieren\/\",\"name\":\"coaching agieren statt reagieren | Business Counsellor - Top Management &amp; Senior Executives\",\"isPartOf\":{\"@id\":\"http:\/\/www.business-counsellor.de\/de\/#website\"},\"datePublished\":\"2017-08-17T16:22:14+00:00\",\"dateModified\":\"2018-01-25T12:33:40+00:00\",\"description\":\"\\\"AGIEREN statt reAGIEREN\\\" - Coaching Angebote | vorausdenken und handeln | Leistungsf\u00e4higkeit, F\u00fchrungsst\u00e4rke, Ver\u00e4nderungsmanagement, Handlungsf\u00e4higkeit\",\"breadcrumb\":{\"@id\":\"http:\/\/www.business-counsellor.de\/de\/coaching-agieren-statt-reagieren\/#breadcrumb\"},\"inLanguage\":\"de\",\"potentialAction\":[{\"@type\":\"ReadAction\",\"target\":[\"http:\/\/www.business-counsellor.de\/de\/coaching-agieren-statt-reagieren\/\"]}]},{\"@type\":\"BreadcrumbList\",\"@id\":\"http:\/\/www.business-counsellor.de\/de\/coaching-agieren-statt-reagieren\/#breadcrumb\",\"itemListElement\":[{\"@type\":\"ListItem\",\"position\":1,\"name\":\"Startseite\",\"item\":\"http:\/\/www.business-counsellor.de\/de\/\"},{\"@type\":\"ListItem\",\"position\":2,\"name\":\"coaching &lt;br&gt;&lt;span style=&quot;color: #97053d;&quot;&gt;agieren statt reagieren&lt;\/span&gt;&lt;br&gt;&lt;br&gt;\"}]},{\"@type\":\"WebSite\",\"@id\":\"http:\/\/www.business-counsellor.de\/de\/#website\",\"url\":\"http:\/\/www.business-counsellor.de\/de\/\",\"name\":\"Business Counsellor - Top Management &amp; Senior Executives\",\"description\":\"spezialisiert auf die fachliche und pers\u00f6nliche Begleitung von Personen mit sehr hoher F\u00fchrungsverantwortung\",\"publisher\":{\"@id\":\"http:\/\/www.business-counsellor.de\/de\/#organization\"},\"potentialAction\":[{\"@type\":\"SearchAction\",\"target\":{\"@type\":\"EntryPoint\",\"urlTemplate\":\"http:\/\/www.business-counsellor.de\/de\/?s={search_term_string}\"},\"query-input\":\"required name=search_term_string\"}],\"inLanguage\":\"de\"},{\"@type\":\"Organization\",\"@id\":\"http:\/\/www.business-counsellor.de\/de\/#organization\",\"name\":\"Business Counsellor Dipl.-Kfm. Vincent Klimkwowicz\",\"url\":\"http:\/\/www.business-counsellor.de\/de\/\",\"logo\":{\"@type\":\"ImageObject\",\"inLanguage\":\"de\",\"@id\":\"http:\/\/www.business-counsellor.de\/de\/#\/schema\/logo\/image\/\",\"url\":\"http:\/\/www.business-counsellor.de\/de\/wp-content\/uploads\/2017\/06\/counsellorlogo.jpg\",\"contentUrl\":\"http:\/\/www.business-counsellor.de\/de\/wp-content\/uploads\/2017\/06\/counsellorlogo.jpg\",\"width\":583,\"height\":200,\"caption\":\"Business Counsellor Dipl.-Kfm. Vincent Klimkwowicz\"},\"image\":{\"@id\":\"http:\/\/www.business-counsellor.de\/de\/#\/schema\/logo\/image\/\"},\"sameAs\":[\"https:\/\/www.linkedin.com\/company\/klimkowicz\",\"https:\/\/de-de.facebook.com\/DiplKfmVincentKlimkowicz\/\"]}]}<\/script>\n<!-- \/ Yoast SEO plugin. -->","yoast_head_json":{"title":"coaching agieren statt reagieren | Business Counsellor - Top Management &amp; Senior Executives","description":"\"AGIEREN statt reAGIEREN\" - Coaching Angebote | vorausdenken und handeln | Leistungsf\u00e4higkeit, F\u00fchrungsst\u00e4rke, Ver\u00e4nderungsmanagement, Handlungsf\u00e4higkeit","robots":{"index":"index","follow":"follow","max-snippet":"max-snippet:-1","max-image-preview":"max-image-preview:large","max-video-preview":"max-video-preview:-1"},"canonical":"http:\/\/www.business-counsellor.de\/de\/coaching-agieren-statt-reagieren\/","og_locale":"de_DE","og_type":"article","og_title":"coaching agieren statt reagieren | Business Counsellor - Top Management &amp; Senior Executives","og_description":"\"AGIEREN statt reAGIEREN\" - Coaching Angebote | vorausdenken und handeln | Leistungsf\u00e4higkeit, F\u00fchrungsst\u00e4rke, Ver\u00e4nderungsmanagement, Handlungsf\u00e4higkeit","og_url":"http:\/\/www.business-counsellor.de\/de\/coaching-agieren-statt-reagieren\/","og_site_name":"Business Counsellor - Top Management &amp; Senior Executives","article_publisher":"https:\/\/de-de.facebook.com\/DiplKfmVincentKlimkowicz\/","article_modified_time":"2018-01-25T12:33:40+00:00","og_image":[{"width":1140,"height":800,"url":"http:\/\/www.business-counsellor.de\/de\/wp-content\/uploads\/2017\/11\/hdown-4.png","type":"image\/png"}],"twitter_card":"summary_large_image","twitter_misc":{"Gesch\u00e4tzte Lesezeit":"2\u00a0Minuten"},"schema":{"@context":"https:\/\/schema.org","@graph":[{"@type":"WebPage","@id":"http:\/\/www.business-counsellor.de\/de\/coaching-agieren-statt-reagieren\/","url":"http:\/\/www.business-counsellor.de\/de\/coaching-agieren-statt-reagieren\/","name":"coaching agieren statt reagieren | Business Counsellor - Top Management &amp; Senior Executives","isPartOf":{"@id":"http:\/\/www.business-counsellor.de\/de\/#website"},"datePublished":"2017-08-17T16:22:14+00:00","dateModified":"2018-01-25T12:33:40+00:00","description":"\"AGIEREN statt reAGIEREN\" - Coaching Angebote | vorausdenken und handeln | Leistungsf\u00e4higkeit, F\u00fchrungsst\u00e4rke, Ver\u00e4nderungsmanagement, Handlungsf\u00e4higkeit","breadcrumb":{"@id":"http:\/\/www.business-counsellor.de\/de\/coaching-agieren-statt-reagieren\/#breadcrumb"},"inLanguage":"de","potentialAction":[{"@type":"ReadAction","target":["http:\/\/www.business-counsellor.de\/de\/coaching-agieren-statt-reagieren\/"]}]},{"@type":"BreadcrumbList","@id":"http:\/\/www.business-counsellor.de\/de\/coaching-agieren-statt-reagieren\/#breadcrumb","itemListElement":[{"@type":"ListItem","position":1,"name":"Startseite","item":"http:\/\/www.business-counsellor.de\/de\/"},{"@type":"ListItem","position":2,"name":"coaching &lt;br&gt;&lt;span style=&quot;color: #97053d;&quot;&gt;agieren statt reagieren&lt;\/span&gt;&lt;br&gt;&lt;br&gt;"}]},{"@type":"WebSite","@id":"http:\/\/www.business-counsellor.de\/de\/#website","url":"http:\/\/www.business-counsellor.de\/de\/","name":"Business Counsellor - Top Management &amp; Senior Executives","description":"spezialisiert auf die fachliche und pers\u00f6nliche Begleitung von Personen mit sehr hoher F\u00fchrungsverantwortung","publisher":{"@id":"http:\/\/www.business-counsellor.de\/de\/#organization"},"potentialAction":[{"@type":"SearchAction","target":{"@type":"EntryPoint","urlTemplate":"http:\/\/www.business-counsellor.de\/de\/?s={search_term_string}"},"query-input":"required name=search_term_string"}],"inLanguage":"de"},{"@type":"Organization","@id":"http:\/\/www.business-counsellor.de\/de\/#organization","name":"Business Counsellor Dipl.-Kfm. Vincent Klimkwowicz","url":"http:\/\/www.business-counsellor.de\/de\/","logo":{"@type":"ImageObject","inLanguage":"de","@id":"http:\/\/www.business-counsellor.de\/de\/#\/schema\/logo\/image\/","url":"http:\/\/www.business-counsellor.de\/de\/wp-content\/uploads\/2017\/06\/counsellorlogo.jpg","contentUrl":"http:\/\/www.business-counsellor.de\/de\/wp-content\/uploads\/2017\/06\/counsellorlogo.jpg","width":583,"height":200,"caption":"Business Counsellor Dipl.-Kfm. Vincent Klimkwowicz"},"image":{"@id":"http:\/\/www.business-counsellor.de\/de\/#\/schema\/logo\/image\/"},"sameAs":["https:\/\/www.linkedin.com\/company\/klimkowicz","https:\/\/de-de.facebook.com\/DiplKfmVincentKlimkowicz\/"]}]}},"_links":{"self":[{"href":"http:\/\/www.business-counsellor.de\/de\/wp-json\/wp\/v2\/pages\/592"}],"collection":[{"href":"http:\/\/www.business-counsellor.de\/de\/wp-json\/wp\/v2\/pages"}],"about":[{"href":"http:\/\/www.business-counsellor.de\/de\/wp-json\/wp\/v2\/types\/page"}],"author":[{"embeddable":true,"href":"http:\/\/www.business-counsellor.de\/de\/wp-json\/wp\/v2\/users\/1"}],"replies":[{"embeddable":true,"href":"http:\/\/www.business-counsellor.de\/de\/wp-json\/wp\/v2\/comments?post=592"}],"version-history":[{"count":59,"href":"http:\/\/www.business-counsellor.de\/de\/wp-json\/wp\/v2\/pages\/592\/revisions"}],"predecessor-version":[{"id":969,"href":"http:\/\/www.business-counsellor.de\/de\/wp-json\/wp\/v2\/pages\/592\/revisions\/969"}],"wp:featuredmedia":[{"embeddable":true,"href":"http:\/\/www.business-counsellor.de\/de\/wp-json\/wp\/v2\/media\/933"}],"wp:attachment":[{"href":"http:\/\/www.business-counsellor.de\/de\/wp-json\/wp\/v2\/media?parent=592"}],"curies":[{"name":"wp","href":"https:\/\/api.w.org\/{rel}","templated":true}]}}