{"id":50,"date":"2017-06-02T15:38:05","date_gmt":"2017-06-02T13:38:05","guid":{"rendered":"http:\/\/www.business-counsellor.de\/de\/?page_id=50"},"modified":"2018-01-25T14:03:32","modified_gmt":"2018-01-25T13:03:32","slug":"deployment","status":"publish","type":"page","link":"http:\/\/www.business-counsellor.de\/de\/deployment\/","title":{"rendered":"business deployment <br><span style=\"color: #97053d;\">F\u00fchrungsf\u00e4higkeiten<br>sch\u00e4rfen &#038; r\u00fcsten &#038; \u00fcben<\/span><br><br>"},"content":{"rendered":"<div id=\"hhklammer\"><img decoding=\"async\" src=\"http:\/\/www.business-counsellor.de\/de\/wp-content\/uploads\/2017\/06\/hdown.png\" style=\"width: 1140px;\" alt=\"bg\"><\/p>\n<div id=\"hhleft\"><video class=\"seg\" poster=\"http:\/\/www.business-counsellor.de\/de\/wp-content\/uploads\/2017\/06\/baum3.jpg\" autoplay=\"autoplay\" loop=\"loop\" muted=\"&quot;\"><source src=\"http:\/\/www.business-counsellor.de\/de\/wp-content\/uploads\/2017\/06\/baum4.ogv\" type=\"video\/ogg\" \/><source src=\"http:\/\/www.business-counsellor.de\/de\/wp-content\/uploads\/2017\/06\/baum4.mp4\" type=\"video\/mp4\" \/><\/video><\/div>\n<div id=\"hhright-bd\"><\/div>\n<div id=\"hhdown\"><\/div>\n<\/div>\n<p>| business counsellor <\/p>\n<h1>business deployment<\/h1>\n<p>&nbsp;<br \/>&nbsp;<\/p>\n<h2>F\u00fchrungsf\u00e4higkeiten sch\u00e4rfen &#038; r\u00fcsten<\/h2>\n<h3>\u00dcbung macht den Meister &#8211; erkennen auprobieren \u00fcben<\/h3>\n<p>Die Wirkung von Coachings und Trainings ist erst zeitverz\u00f6gert ablesbar. Vieles kann erst nach mehrmaligem bewu\u00dften Anwenden tats\u00e4chlich nutzbar gemacht werden.<br \/>\nDas <a href=\"http:\/\/www.business-counsellor.de\/de\/sparring\/\" title=\"Business Sparring\">Business Sparring<\/a> bietet schnelle, punktuelle Erfolge, abgestimmt auf das klare Ziel oder Objekt. F\u00fcr eine langfristige Aneignung von F\u00e4higkeiten und dem nachhaltigen, routinierten Einsatz bedarf es \u00dcbung und eben mehrfacher Wiederholung.<\/p>\n<p><strong>In meiner \u00dcberzeugung kann man Unternehmensleitung nicht trainieren oder coachen.<\/strong> Es ist Ihr Weg und es sind Ihre Entscheidungen sowie abgeleitete Handlungen.<br \/>\nAllerdings sind viele Methoden Denkansto\u00df und oftmals notwendige Basis, um sich sp\u00e4ter von ihr zu l\u00f6sen oder an ihr zu reiben und sie weiter zu entwickeln.<br \/>\nMein Ansatz ist das routinierte situative Hinterfragen, um Denk- und Handlungsmuster immer wieder zu pr\u00fcfen, sie zu untermauern und auch neu auszurichten. <br \/><strong>Denn Sie sollen in jeder zuk\u00fcnftigen, ungewissen Situation handlungsf\u00e4hig bleiben.<\/strong>   <\/p>\n<h3>Typische Handlungsfelder<\/h3>\n<p>&#9900; \u00dcbernahme der Unternehmensleitung und -ausrichtung<br \/>\n&#9900; \u00dcbernahme von F\u00fchrungsverantwortung<br \/>\n&#9900; Einarbeitung in Positionen mit sehr hoher Verantwortung<br \/>\n&#9900; Konfliktl\u00f6sungen innerhalb von Organisationen<\/p>\n<h3>Pers\u00f6nlicher Fokus<\/h3>\n<p>&#9900; Erarbeiten eigener Arbeitsstrukturen<br \/>\n&#9900; Erarbeiten eigener Organisationsprozesse<br \/>\n&#9900; Erarbeiten eigener F\u00fchrungsstrategien<br \/>\n&#9900; Sch\u00e4rfen und erweitern eigener F\u00fchrungskompetenzen<br \/>\n&#9900; Vorbereiten und r\u00fcsten f\u00fcr herausfordernde F\u00fchrungsaufgaben<br \/>\n&#9900; Hemmungen und \u00c4ngste abbauen<\/p>\n<h3>im Ver\u00e4nderungsmanagement<\/h3>\n<p>&#9900; Begleitung des F\u00fchrungsteams<br \/>\n&#9900; St\u00e4rken von jungen F\u00fchrungskr\u00e4ften<br \/>\n&#9900; Begleitung der Organisationsentwicklung<br \/>\n&#9900; F\u00fchrungskraft-Review<br \/>\n&#9900; Konflikt-\/Strukturl\u00f6sung bei gescheiterter F\u00fchrung <\/p>\n<p>&nbsp;<br \/>&nbsp;<\/p>\n<p><a href=\"http:\/\/www.business-counsellor.de\/de\/kontakt\/\" title=\"Kontakt aufnehmen\"><\/p>\n<h2>Ihr Business Counsellor<\/h2>\n<h3>in Deutschland<br \/>und vor Ort<br \/>wo Sie mich brauchen<\/h3>\n<p><\/a><\/p>\n<p><a href=\"http:\/\/www.business-counsellor.de\/de\/counselling\/\" title=\"Business Counselling\">Counselling<\/a> | <a href=\"http:\/\/www.business-counsellor.de\/de\/sparring\/\" title=\"Business Sparring\">Sparring<\/a> | <a href=\"http:\/\/www.business-counsellor.de\/de\/deployment\/\" title=\"Business Deployment\">Deployment<\/a><\/p>\n<p>&nbsp;<\/p>\n<p><a href=\"http:\/\/www.business-counsellor.de\/de\/kontakt\/\" title=\"Kontakt aufnehmen\"><span class=\"dashicons dashicons-email\"><\/span> Kontakt aufnehmen ..<\/a><\/p>\n","protected":false},"excerpt":{"rendered":"<p>| business counsellor business deployment &nbsp;&nbsp; F\u00fchrungsf\u00e4higkeiten sch\u00e4rfen &#038; r\u00fcsten \u00dcbung macht den Meister &#8211; erkennen auprobieren \u00fcben Die Wirkung von Coachings und Trainings ist erst zeitverz\u00f6gert ablesbar. Vieles kann erst nach mehrmaligem bewu\u00dften Anwenden tats\u00e4chlich nutzbar gemacht werden. Das Business Sparring bietet schnelle, punktuelle Erfolge, abgestimmt auf das klare Ziel oder Objekt. F\u00fcr eine langfristige Aneignung von F\u00e4higkeiten und dem nachhaltigen, routinierten Einsatz bedarf es \u00dcbung und eben mehrfacher &hellip; <\/p>\n","protected":false},"author":1,"featured_media":0,"parent":0,"menu_order":0,"comment_status":"closed","ping_status":"closed","template":"page-templates\/grid-page.php","meta":[],"yoast_head":"<!-- This site is optimized with the Yoast SEO plugin v19.13 - https:\/\/yoast.com\/wordpress\/plugins\/seo\/ -->\n<title>business deployment F\u00fchrungsf\u00e4higkeitensch\u00e4rfen &amp; r\u00fcsten &amp; \u00fcben | Business Counsellor - Top Management &amp; Senior Executives<\/title>\n<meta name=\"description\" content=\"F\u00fcr eine langfristige Aneignung von F\u00e4higkeiten und nachhaltigen, routinierten Einsatz bedarf es \u00dcben und mehrfacher Wiederholung.\" \/>\n<meta name=\"robots\" content=\"index, follow, max-snippet:-1, max-image-preview:large, max-video-preview:-1\" \/>\n<link rel=\"canonical\" href=\"http:\/\/www.business-counsellor.de\/de\/deployment\/\" \/>\n<meta property=\"og:locale\" content=\"de_DE\" \/>\n<meta property=\"og:type\" content=\"article\" \/>\n<meta property=\"og:title\" content=\"business deployment F\u00fchrungsf\u00e4higkeitensch\u00e4rfen &amp; r\u00fcsten &amp; \u00fcben | Business Counsellor - Top Management &amp; Senior Executives\" \/>\n<meta property=\"og:description\" content=\"F\u00fcr eine langfristige Aneignung von F\u00e4higkeiten und nachhaltigen, routinierten Einsatz bedarf es \u00dcben und mehrfacher Wiederholung.\" \/>\n<meta property=\"og:url\" content=\"http:\/\/www.business-counsellor.de\/de\/deployment\/\" \/>\n<meta property=\"og:site_name\" content=\"Business Counsellor - Top Management &amp; Senior Executives\" \/>\n<meta property=\"article:publisher\" content=\"https:\/\/de-de.facebook.com\/DiplKfmVincentKlimkowicz\/\" \/>\n<meta property=\"article:modified_time\" content=\"2018-01-25T13:03:32+00:00\" \/>\n<meta property=\"og:image\" content=\"http:\/\/www.business-counsellor.de\/de\/wp-content\/uploads\/2017\/06\/hdown.png\" \/>\n<meta name=\"twitter:card\" content=\"summary_large_image\" \/>\n<meta name=\"twitter:label1\" content=\"Gesch\u00e4tzte Lesezeit\" \/>\n\t<meta name=\"twitter:data1\" content=\"1\u00a0Minute\" \/>\n<script type=\"application\/ld+json\" class=\"yoast-schema-graph\">{\"@context\":\"https:\/\/schema.org\",\"@graph\":[{\"@type\":\"WebPage\",\"@id\":\"http:\/\/www.business-counsellor.de\/de\/deployment\/\",\"url\":\"http:\/\/www.business-counsellor.de\/de\/deployment\/\",\"name\":\"business deployment F\u00fchrungsf\u00e4higkeiten sch\u00e4rfen & r\u00fcsten & \u00fcben | Business Counsellor - Top Management &amp; Senior Executives\",\"isPartOf\":{\"@id\":\"http:\/\/www.business-counsellor.de\/de\/#website\"},\"datePublished\":\"2017-06-02T13:38:05+00:00\",\"dateModified\":\"2018-01-25T13:03:32+00:00\",\"description\":\"F\u00fcr eine langfristige Aneignung von F\u00e4higkeiten und nachhaltigen, routinierten Einsatz bedarf es \u00dcben und mehrfacher Wiederholung.\",\"breadcrumb\":{\"@id\":\"http:\/\/www.business-counsellor.de\/de\/deployment\/#breadcrumb\"},\"inLanguage\":\"de\",\"potentialAction\":[{\"@type\":\"ReadAction\",\"target\":[\"http:\/\/www.business-counsellor.de\/de\/deployment\/\"]}]},{\"@type\":\"BreadcrumbList\",\"@id\":\"http:\/\/www.business-counsellor.de\/de\/deployment\/#breadcrumb\",\"itemListElement\":[{\"@type\":\"ListItem\",\"position\":1,\"name\":\"Startseite\",\"item\":\"http:\/\/www.business-counsellor.de\/de\/\"},{\"@type\":\"ListItem\",\"position\":2,\"name\":\"business deployment &lt;br&gt;&lt;span style=&quot;color: #97053d;&quot;&gt;F\u00fchrungsf\u00e4higkeiten&lt;br&gt;sch\u00e4rfen &#038; r\u00fcsten &#038; \u00fcben&lt;\/span&gt;&lt;br&gt;&lt;br&gt;\"}]},{\"@type\":\"WebSite\",\"@id\":\"http:\/\/www.business-counsellor.de\/de\/#website\",\"url\":\"http:\/\/www.business-counsellor.de\/de\/\",\"name\":\"Business Counsellor - Top Management &amp; Senior Executives\",\"description\":\"spezialisiert auf die fachliche und pers\u00f6nliche Begleitung von Personen mit sehr hoher F\u00fchrungsverantwortung\",\"publisher\":{\"@id\":\"http:\/\/www.business-counsellor.de\/de\/#organization\"},\"potentialAction\":[{\"@type\":\"SearchAction\",\"target\":{\"@type\":\"EntryPoint\",\"urlTemplate\":\"http:\/\/www.business-counsellor.de\/de\/?s={search_term_string}\"},\"query-input\":\"required name=search_term_string\"}],\"inLanguage\":\"de\"},{\"@type\":\"Organization\",\"@id\":\"http:\/\/www.business-counsellor.de\/de\/#organization\",\"name\":\"Business Counsellor Dipl.-Kfm. Vincent Klimkwowicz\",\"url\":\"http:\/\/www.business-counsellor.de\/de\/\",\"logo\":{\"@type\":\"ImageObject\",\"inLanguage\":\"de\",\"@id\":\"http:\/\/www.business-counsellor.de\/de\/#\/schema\/logo\/image\/\",\"url\":\"http:\/\/www.business-counsellor.de\/de\/wp-content\/uploads\/2017\/06\/counsellorlogo.jpg\",\"contentUrl\":\"http:\/\/www.business-counsellor.de\/de\/wp-content\/uploads\/2017\/06\/counsellorlogo.jpg\",\"width\":583,\"height\":200,\"caption\":\"Business Counsellor Dipl.-Kfm. Vincent Klimkwowicz\"},\"image\":{\"@id\":\"http:\/\/www.business-counsellor.de\/de\/#\/schema\/logo\/image\/\"},\"sameAs\":[\"https:\/\/www.linkedin.com\/company\/klimkowicz\",\"https:\/\/de-de.facebook.com\/DiplKfmVincentKlimkowicz\/\"]}]}<\/script>\n<!-- \/ Yoast SEO plugin. -->","yoast_head_json":{"title":"business deployment F\u00fchrungsf\u00e4higkeitensch\u00e4rfen & r\u00fcsten & \u00fcben | Business Counsellor - Top Management &amp; Senior Executives","description":"F\u00fcr eine langfristige Aneignung von F\u00e4higkeiten und nachhaltigen, routinierten Einsatz bedarf es \u00dcben und mehrfacher Wiederholung.","robots":{"index":"index","follow":"follow","max-snippet":"max-snippet:-1","max-image-preview":"max-image-preview:large","max-video-preview":"max-video-preview:-1"},"canonical":"http:\/\/www.business-counsellor.de\/de\/deployment\/","og_locale":"de_DE","og_type":"article","og_title":"business deployment F\u00fchrungsf\u00e4higkeitensch\u00e4rfen & r\u00fcsten & \u00fcben | Business Counsellor - Top Management &amp; Senior Executives","og_description":"F\u00fcr eine langfristige Aneignung von F\u00e4higkeiten und nachhaltigen, routinierten Einsatz bedarf es \u00dcben und mehrfacher Wiederholung.","og_url":"http:\/\/www.business-counsellor.de\/de\/deployment\/","og_site_name":"Business Counsellor - Top Management &amp; Senior Executives","article_publisher":"https:\/\/de-de.facebook.com\/DiplKfmVincentKlimkowicz\/","article_modified_time":"2018-01-25T13:03:32+00:00","og_image":[{"url":"http:\/\/www.business-counsellor.de\/de\/wp-content\/uploads\/2017\/06\/hdown.png"}],"twitter_card":"summary_large_image","twitter_misc":{"Gesch\u00e4tzte Lesezeit":"1\u00a0Minute"},"schema":{"@context":"https:\/\/schema.org","@graph":[{"@type":"WebPage","@id":"http:\/\/www.business-counsellor.de\/de\/deployment\/","url":"http:\/\/www.business-counsellor.de\/de\/deployment\/","name":"business deployment F\u00fchrungsf\u00e4higkeiten sch\u00e4rfen & r\u00fcsten & \u00fcben | Business Counsellor - Top Management &amp; Senior Executives","isPartOf":{"@id":"http:\/\/www.business-counsellor.de\/de\/#website"},"datePublished":"2017-06-02T13:38:05+00:00","dateModified":"2018-01-25T13:03:32+00:00","description":"F\u00fcr eine langfristige Aneignung von F\u00e4higkeiten und nachhaltigen, routinierten Einsatz bedarf es \u00dcben und mehrfacher Wiederholung.","breadcrumb":{"@id":"http:\/\/www.business-counsellor.de\/de\/deployment\/#breadcrumb"},"inLanguage":"de","potentialAction":[{"@type":"ReadAction","target":["http:\/\/www.business-counsellor.de\/de\/deployment\/"]}]},{"@type":"BreadcrumbList","@id":"http:\/\/www.business-counsellor.de\/de\/deployment\/#breadcrumb","itemListElement":[{"@type":"ListItem","position":1,"name":"Startseite","item":"http:\/\/www.business-counsellor.de\/de\/"},{"@type":"ListItem","position":2,"name":"business deployment &lt;br&gt;&lt;span style=&quot;color: #97053d;&quot;&gt;F\u00fchrungsf\u00e4higkeiten&lt;br&gt;sch\u00e4rfen &#038; r\u00fcsten &#038; \u00fcben&lt;\/span&gt;&lt;br&gt;&lt;br&gt;"}]},{"@type":"WebSite","@id":"http:\/\/www.business-counsellor.de\/de\/#website","url":"http:\/\/www.business-counsellor.de\/de\/","name":"Business Counsellor - Top Management &amp; Senior Executives","description":"spezialisiert auf die fachliche und pers\u00f6nliche Begleitung von Personen mit sehr hoher F\u00fchrungsverantwortung","publisher":{"@id":"http:\/\/www.business-counsellor.de\/de\/#organization"},"potentialAction":[{"@type":"SearchAction","target":{"@type":"EntryPoint","urlTemplate":"http:\/\/www.business-counsellor.de\/de\/?s={search_term_string}"},"query-input":"required name=search_term_string"}],"inLanguage":"de"},{"@type":"Organization","@id":"http:\/\/www.business-counsellor.de\/de\/#organization","name":"Business Counsellor Dipl.-Kfm. Vincent Klimkwowicz","url":"http:\/\/www.business-counsellor.de\/de\/","logo":{"@type":"ImageObject","inLanguage":"de","@id":"http:\/\/www.business-counsellor.de\/de\/#\/schema\/logo\/image\/","url":"http:\/\/www.business-counsellor.de\/de\/wp-content\/uploads\/2017\/06\/counsellorlogo.jpg","contentUrl":"http:\/\/www.business-counsellor.de\/de\/wp-content\/uploads\/2017\/06\/counsellorlogo.jpg","width":583,"height":200,"caption":"Business Counsellor Dipl.-Kfm. Vincent Klimkwowicz"},"image":{"@id":"http:\/\/www.business-counsellor.de\/de\/#\/schema\/logo\/image\/"},"sameAs":["https:\/\/www.linkedin.com\/company\/klimkowicz","https:\/\/de-de.facebook.com\/DiplKfmVincentKlimkowicz\/"]}]}},"_links":{"self":[{"href":"http:\/\/www.business-counsellor.de\/de\/wp-json\/wp\/v2\/pages\/50"}],"collection":[{"href":"http:\/\/www.business-counsellor.de\/de\/wp-json\/wp\/v2\/pages"}],"about":[{"href":"http:\/\/www.business-counsellor.de\/de\/wp-json\/wp\/v2\/types\/page"}],"author":[{"embeddable":true,"href":"http:\/\/www.business-counsellor.de\/de\/wp-json\/wp\/v2\/users\/1"}],"replies":[{"embeddable":true,"href":"http:\/\/www.business-counsellor.de\/de\/wp-json\/wp\/v2\/comments?post=50"}],"version-history":[{"count":71,"href":"http:\/\/www.business-counsellor.de\/de\/wp-json\/wp\/v2\/pages\/50\/revisions"}],"predecessor-version":[{"id":928,"href":"http:\/\/www.business-counsellor.de\/de\/wp-json\/wp\/v2\/pages\/50\/revisions\/928"}],"wp:attachment":[{"href":"http:\/\/www.business-counsellor.de\/de\/wp-json\/wp\/v2\/media?parent=50"}],"curies":[{"name":"wp","href":"https:\/\/api.w.org\/{rel}","templated":true}]}}