{"id":48,"date":"2017-06-02T15:37:26","date_gmt":"2017-06-02T13:37:26","guid":{"rendered":"http:\/\/www.business-counsellor.de\/de\/?page_id=48"},"modified":"2018-01-25T14:02:59","modified_gmt":"2018-01-25T13:02:59","slug":"sparring","status":"publish","type":"page","link":"http:\/\/www.business-counsellor.de\/de\/sparring\/","title":{"rendered":"business sparring <br><span style=\"color: #97053d;\">Verhandlungen<br>vorbereiten &#038; erproben<\/span><br><br>"},"content":{"rendered":"<div id=\"hhklammer\"><img decoding=\"async\" src=\"http:\/\/www.business-counsellor.de\/de\/wp-content\/uploads\/2017\/06\/hdown.png\" style=\"width: 1140px;\" alt=\"bg\"><\/p>\n<div id=\"hhleft\"><video class=\"seg\" poster=\"http:\/\/www.business-counsellor.de\/de\/wp-content\/uploads\/2017\/06\/handschuh.jpg\" autoplay=\"autoplay\" loop=\"loop\" muted=\"&quot;\"><source src=\"http:\/\/www.business-counsellor.de\/de\/wp-content\/uploads\/2017\/06\/handschuh.ogv\" type=\"video\/ogg\" \/><source src=\"http:\/\/www.business-counsellor.de\/de\/wp-content\/uploads\/2017\/06\/handschuh.mp4\" type=\"video\/mp4\" \/><\/video><\/div>\n<div id=\"hhright-bs\"><\/div>\n<div id=\"hhdown\"><\/div>\n<\/div>\n<p>| business counsellor <\/p>\n<h1>business sparring<\/h1>\n<p>&nbsp;<br \/>&nbsp;<\/p>\n<h2>Verhandlungen vorbereiten &#038; erproben<\/h2>\n<h3>Die Generalprobe<\/h3>\n<p>Haben Sie alles bedacht? <\/p>\n<p><strong>Pl\u00f6tzliche Wendungen und \u00dcberraschungen in der Umsetzung verunsichern, l\u00e4hmen, ziehen das Vorhaben in die L\u00e4nge und generieren ungewollte Konflikte.<\/strong><br \/>\nDas kann verhindert werden. In einem Sparring werden schon im Vorfeld missverst\u00e4ndliche und konfliktbehaftete Aspekte identifiziert. Mit oftmals wenig Aufwand k\u00f6nnen diese beachtet und in der Umsetzung leicht vermieden werden. Im Sparring f\u00e4llt es leicht den Tunnelblick zu verlassen, missverst\u00e4ndliche Punkte klar herauszustellen und sich taktisch ad\u00e4quat auszurichten. Der neutrale Sparring-Partner konzentriert sich im Perspektivwechsel bereits im Vorfeld auf den zuk\u00fcnftigen Gespr\u00e4chspartner, klare Ziele sowie emotionale Faktoren und bereitet so das zielorientierte Handeln substanziell vor.  <\/p>\n<p><strong>Nicht selten reagiert der Gegen\u00fcber nicht wie gew\u00fcnscht.<\/strong><br \/>\nEs lohnt sich f\u00fcr die konsequente und saubere Umsetzung der eigenen Vorhaben, diese vorher durchzusprechen, manches zu proben und aus der schonungslosen Sicht des Gegen\u00fcbers zu betrachten. Neben den offensichtlichen, ge\u00e4u\u00dferten Anspr\u00fcchen, sind vor allem die verdeckten, unausgesprochenen Anforderungen des Gegen\u00fcbers h\u00e4ufig der Schl\u00fcssel zur erfolgreichen Umsetzung. Wurde im Sparring der zuk\u00fcnftige Gespr\u00e4chspartner oder die Situation bereits erlebt, k\u00f6nnen problematische Felder vermieden und Situationen ruhiger angegangen werden.<\/p>\n<p><strong>Im Business Sparring werden Schwachstellen identifiziert und sofort behoben sowie die Umsetzung zielf\u00fchrend ausgerichtet und in allen Facetten gest\u00e4rkt.   <\/strong><\/p>\n<p>Mit Ihnen betrachte ich nicht nur konstruktiv kritisch Ihr Vorhaben, sondern vor allem wie Sie gest\u00e4rkt werden k\u00f6nnen, f\u00fcr Ihren Weg. <\/p>\n<h3>Typische Handlungsfelder<\/h3>\n<p>&#9900; \u00dcbernahme der Gesch\u00e4ftsf\u00fchrung \/ Unternehmensleitung<br \/>\n&#9900; Vertragsverhandlungen<br \/>\n&#9900; Konfliktverhandlungen<br \/>\n&#9900; Produkt-Pr\u00e4sentationen\/pitch<br \/>\n&#9900; Meetings<br \/>\n&#9900; Mitarbeitergespr\u00e4che<br \/>\n&#9900; Begegnen verdeckter Intentionen<br \/>\n&#9900; Begegnen einer Gruppendynamik<\/p>\n<h3>Pers\u00f6nlicher Fokus<\/h3>\n<p>&#9900; Unternehmensmissions- und Visionsdarstellung<br \/>\n&#9900; Umsetzungen im Change Management<br \/>\n&#9900; Umsetzung Organisations- \/ Personalentwicklung<br \/>\n&#9900; Pers\u00f6nliche Konflikte<br \/>\n&#9900; Abgrenzung und Regelfestlegung<br \/>\n&#9900; Projektvorstellung<br \/>\n&#9900; Mitarbeitergespr\u00e4che<br \/>\n&#9900; Strategische Kommunikation<\/p>\n<h3>im Ver\u00e4nderungsmanagement<\/h3>\n<p>&#9900; Begleitung des F\u00fchrungsteams<br \/>\n&#9900; St\u00e4rken von jungen F\u00fchrungskr\u00e4ften<br \/>\n&#9900; Begleitung der Organisationsentwicklung<br \/>\n&#9900; F\u00fchrungskraft-Review<br \/>\n&#9900; Konflikt-\/Strukturl\u00f6sung bei gescheiterter F\u00fchrung <\/p>\n<p>&nbsp;<br \/>&nbsp;<\/p>\n<p><a href=\"http:\/\/www.business-counsellor.de\/de\/kontakt\/\" title=\"Kontakt aufnehmen\"><\/p>\n<h2>Ihr Business Counsellor<\/h2>\n<h3>in Deutschland<br \/>und vor Ort<br \/>wo Sie mich brauchen<\/h3>\n<p><\/a><\/p>\n<p><a href=\"http:\/\/www.business-counsellor.de\/de\/counselling\/\" title=\"Business Counselling\">Counselling<\/a> | <a href=\"http:\/\/www.business-counsellor.de\/de\/sparring\/\" title=\"Business Sparring\">Sparring<\/a> | <a href=\"http:\/\/www.business-counsellor.de\/de\/deployment\/\" title=\"Business Deployment\">Deployment<\/a><\/p>\n<p>&nbsp;<\/p>\n<p><a href=\"http:\/\/www.business-counsellor.de\/de\/kontakt\/\" title=\"Kontakt aufnehmen\"><span class=\"dashicons dashicons-email\"><\/span> Kontakt aufnehmen ..<\/a><\/p>\n","protected":false},"excerpt":{"rendered":"<p>| business counsellor business sparring &nbsp;&nbsp; Verhandlungen vorbereiten &#038; erproben Die Generalprobe Haben Sie alles bedacht? Pl\u00f6tzliche Wendungen und \u00dcberraschungen in der Umsetzung verunsichern, l\u00e4hmen, ziehen das Vorhaben in die L\u00e4nge und generieren ungewollte Konflikte. Das kann verhindert werden. In einem Sparring werden schon im Vorfeld missverst\u00e4ndliche und konfliktbehaftete Aspekte identifiziert. Mit oftmals wenig Aufwand k\u00f6nnen diese beachtet und in der Umsetzung leicht vermieden werden. Im Sparring f\u00e4llt es leicht &hellip; <\/p>\n","protected":false},"author":1,"featured_media":0,"parent":0,"menu_order":0,"comment_status":"closed","ping_status":"closed","template":"page-templates\/grid-page.php","meta":[],"yoast_head":"<!-- This site is optimized with the Yoast SEO plugin v19.13 - https:\/\/yoast.com\/wordpress\/plugins\/seo\/ -->\n<title>business sparring Verhandlungenvorbereiten &amp; erproben | Business Counsellor - Top Management &amp; Senior Executives<\/title>\n<meta name=\"description\" content=\"Haben Sie alles bedacht? Pl\u00f6tzliche Wendungen und \u00dcberraschungen in der Umsetzung verunsichern, l\u00e4hmen, ziehen das Vorhaben in die L\u00e4nge und generieren ungewollte Konflikte.\" \/>\n<meta name=\"robots\" content=\"index, follow, max-snippet:-1, max-image-preview:large, max-video-preview:-1\" \/>\n<link rel=\"canonical\" href=\"http:\/\/www.business-counsellor.de\/de\/sparring\/\" \/>\n<meta property=\"og:locale\" content=\"de_DE\" \/>\n<meta property=\"og:type\" content=\"article\" \/>\n<meta property=\"og:title\" content=\"business sparring Verhandlungenvorbereiten &amp; erproben | Business Counsellor - Top Management &amp; Senior Executives\" \/>\n<meta property=\"og:description\" content=\"Haben Sie alles bedacht? Pl\u00f6tzliche Wendungen und \u00dcberraschungen in der Umsetzung verunsichern, l\u00e4hmen, ziehen das Vorhaben in die L\u00e4nge und generieren ungewollte Konflikte.\" \/>\n<meta property=\"og:url\" content=\"http:\/\/www.business-counsellor.de\/de\/sparring\/\" \/>\n<meta property=\"og:site_name\" content=\"Business Counsellor - Top Management &amp; Senior Executives\" \/>\n<meta property=\"article:publisher\" content=\"https:\/\/de-de.facebook.com\/DiplKfmVincentKlimkowicz\/\" \/>\n<meta property=\"article:modified_time\" content=\"2018-01-25T13:02:59+00:00\" \/>\n<meta property=\"og:image\" content=\"http:\/\/www.business-counsellor.de\/de\/wp-content\/uploads\/2017\/06\/hdown.png\" \/>\n<meta name=\"twitter:card\" content=\"summary_large_image\" \/>\n<meta name=\"twitter:label1\" content=\"Gesch\u00e4tzte Lesezeit\" \/>\n\t<meta name=\"twitter:data1\" content=\"2\u00a0Minuten\" \/>\n<script type=\"application\/ld+json\" class=\"yoast-schema-graph\">{\"@context\":\"https:\/\/schema.org\",\"@graph\":[{\"@type\":\"WebPage\",\"@id\":\"http:\/\/www.business-counsellor.de\/de\/sparring\/\",\"url\":\"http:\/\/www.business-counsellor.de\/de\/sparring\/\",\"name\":\"business sparring Verhandlungen vorbereiten & erproben | Business Counsellor - Top Management &amp; Senior Executives\",\"isPartOf\":{\"@id\":\"http:\/\/www.business-counsellor.de\/de\/#website\"},\"datePublished\":\"2017-06-02T13:37:26+00:00\",\"dateModified\":\"2018-01-25T13:02:59+00:00\",\"description\":\"Haben Sie alles bedacht? Pl\u00f6tzliche Wendungen und \u00dcberraschungen in der Umsetzung verunsichern, l\u00e4hmen, ziehen das Vorhaben in die L\u00e4nge und generieren ungewollte Konflikte.\",\"breadcrumb\":{\"@id\":\"http:\/\/www.business-counsellor.de\/de\/sparring\/#breadcrumb\"},\"inLanguage\":\"de\",\"potentialAction\":[{\"@type\":\"ReadAction\",\"target\":[\"http:\/\/www.business-counsellor.de\/de\/sparring\/\"]}]},{\"@type\":\"BreadcrumbList\",\"@id\":\"http:\/\/www.business-counsellor.de\/de\/sparring\/#breadcrumb\",\"itemListElement\":[{\"@type\":\"ListItem\",\"position\":1,\"name\":\"Startseite\",\"item\":\"http:\/\/www.business-counsellor.de\/de\/\"},{\"@type\":\"ListItem\",\"position\":2,\"name\":\"business sparring &lt;br&gt;&lt;span style=&quot;color: #97053d;&quot;&gt;Verhandlungen&lt;br&gt;vorbereiten &#038; erproben&lt;\/span&gt;&lt;br&gt;&lt;br&gt;\"}]},{\"@type\":\"WebSite\",\"@id\":\"http:\/\/www.business-counsellor.de\/de\/#website\",\"url\":\"http:\/\/www.business-counsellor.de\/de\/\",\"name\":\"Business Counsellor - Top Management &amp; Senior Executives\",\"description\":\"spezialisiert auf die fachliche und pers\u00f6nliche Begleitung von Personen mit sehr hoher F\u00fchrungsverantwortung\",\"publisher\":{\"@id\":\"http:\/\/www.business-counsellor.de\/de\/#organization\"},\"potentialAction\":[{\"@type\":\"SearchAction\",\"target\":{\"@type\":\"EntryPoint\",\"urlTemplate\":\"http:\/\/www.business-counsellor.de\/de\/?s={search_term_string}\"},\"query-input\":\"required name=search_term_string\"}],\"inLanguage\":\"de\"},{\"@type\":\"Organization\",\"@id\":\"http:\/\/www.business-counsellor.de\/de\/#organization\",\"name\":\"Business Counsellor Dipl.-Kfm. Vincent Klimkwowicz\",\"url\":\"http:\/\/www.business-counsellor.de\/de\/\",\"logo\":{\"@type\":\"ImageObject\",\"inLanguage\":\"de\",\"@id\":\"http:\/\/www.business-counsellor.de\/de\/#\/schema\/logo\/image\/\",\"url\":\"http:\/\/www.business-counsellor.de\/de\/wp-content\/uploads\/2017\/06\/counsellorlogo.jpg\",\"contentUrl\":\"http:\/\/www.business-counsellor.de\/de\/wp-content\/uploads\/2017\/06\/counsellorlogo.jpg\",\"width\":583,\"height\":200,\"caption\":\"Business Counsellor Dipl.-Kfm. Vincent Klimkwowicz\"},\"image\":{\"@id\":\"http:\/\/www.business-counsellor.de\/de\/#\/schema\/logo\/image\/\"},\"sameAs\":[\"https:\/\/www.linkedin.com\/company\/klimkowicz\",\"https:\/\/de-de.facebook.com\/DiplKfmVincentKlimkowicz\/\"]}]}<\/script>\n<!-- \/ Yoast SEO plugin. -->","yoast_head_json":{"title":"business sparring Verhandlungenvorbereiten & erproben | Business Counsellor - Top Management &amp; Senior Executives","description":"Haben Sie alles bedacht? Pl\u00f6tzliche Wendungen und \u00dcberraschungen in der Umsetzung verunsichern, l\u00e4hmen, ziehen das Vorhaben in die L\u00e4nge und generieren ungewollte Konflikte.","robots":{"index":"index","follow":"follow","max-snippet":"max-snippet:-1","max-image-preview":"max-image-preview:large","max-video-preview":"max-video-preview:-1"},"canonical":"http:\/\/www.business-counsellor.de\/de\/sparring\/","og_locale":"de_DE","og_type":"article","og_title":"business sparring Verhandlungenvorbereiten & erproben | Business Counsellor - Top Management &amp; Senior Executives","og_description":"Haben Sie alles bedacht? Pl\u00f6tzliche Wendungen und \u00dcberraschungen in der Umsetzung verunsichern, l\u00e4hmen, ziehen das Vorhaben in die L\u00e4nge und generieren ungewollte Konflikte.","og_url":"http:\/\/www.business-counsellor.de\/de\/sparring\/","og_site_name":"Business Counsellor - Top Management &amp; Senior Executives","article_publisher":"https:\/\/de-de.facebook.com\/DiplKfmVincentKlimkowicz\/","article_modified_time":"2018-01-25T13:02:59+00:00","og_image":[{"url":"http:\/\/www.business-counsellor.de\/de\/wp-content\/uploads\/2017\/06\/hdown.png"}],"twitter_card":"summary_large_image","twitter_misc":{"Gesch\u00e4tzte Lesezeit":"2\u00a0Minuten"},"schema":{"@context":"https:\/\/schema.org","@graph":[{"@type":"WebPage","@id":"http:\/\/www.business-counsellor.de\/de\/sparring\/","url":"http:\/\/www.business-counsellor.de\/de\/sparring\/","name":"business sparring Verhandlungen vorbereiten & erproben | Business Counsellor - Top Management &amp; Senior Executives","isPartOf":{"@id":"http:\/\/www.business-counsellor.de\/de\/#website"},"datePublished":"2017-06-02T13:37:26+00:00","dateModified":"2018-01-25T13:02:59+00:00","description":"Haben Sie alles bedacht? Pl\u00f6tzliche Wendungen und \u00dcberraschungen in der Umsetzung verunsichern, l\u00e4hmen, ziehen das Vorhaben in die L\u00e4nge und generieren ungewollte Konflikte.","breadcrumb":{"@id":"http:\/\/www.business-counsellor.de\/de\/sparring\/#breadcrumb"},"inLanguage":"de","potentialAction":[{"@type":"ReadAction","target":["http:\/\/www.business-counsellor.de\/de\/sparring\/"]}]},{"@type":"BreadcrumbList","@id":"http:\/\/www.business-counsellor.de\/de\/sparring\/#breadcrumb","itemListElement":[{"@type":"ListItem","position":1,"name":"Startseite","item":"http:\/\/www.business-counsellor.de\/de\/"},{"@type":"ListItem","position":2,"name":"business sparring &lt;br&gt;&lt;span style=&quot;color: #97053d;&quot;&gt;Verhandlungen&lt;br&gt;vorbereiten &#038; erproben&lt;\/span&gt;&lt;br&gt;&lt;br&gt;"}]},{"@type":"WebSite","@id":"http:\/\/www.business-counsellor.de\/de\/#website","url":"http:\/\/www.business-counsellor.de\/de\/","name":"Business Counsellor - Top Management &amp; Senior Executives","description":"spezialisiert auf die fachliche und pers\u00f6nliche Begleitung von Personen mit sehr hoher F\u00fchrungsverantwortung","publisher":{"@id":"http:\/\/www.business-counsellor.de\/de\/#organization"},"potentialAction":[{"@type":"SearchAction","target":{"@type":"EntryPoint","urlTemplate":"http:\/\/www.business-counsellor.de\/de\/?s={search_term_string}"},"query-input":"required name=search_term_string"}],"inLanguage":"de"},{"@type":"Organization","@id":"http:\/\/www.business-counsellor.de\/de\/#organization","name":"Business Counsellor Dipl.-Kfm. Vincent Klimkwowicz","url":"http:\/\/www.business-counsellor.de\/de\/","logo":{"@type":"ImageObject","inLanguage":"de","@id":"http:\/\/www.business-counsellor.de\/de\/#\/schema\/logo\/image\/","url":"http:\/\/www.business-counsellor.de\/de\/wp-content\/uploads\/2017\/06\/counsellorlogo.jpg","contentUrl":"http:\/\/www.business-counsellor.de\/de\/wp-content\/uploads\/2017\/06\/counsellorlogo.jpg","width":583,"height":200,"caption":"Business Counsellor Dipl.-Kfm. Vincent Klimkwowicz"},"image":{"@id":"http:\/\/www.business-counsellor.de\/de\/#\/schema\/logo\/image\/"},"sameAs":["https:\/\/www.linkedin.com\/company\/klimkowicz","https:\/\/de-de.facebook.com\/DiplKfmVincentKlimkowicz\/"]}]}},"_links":{"self":[{"href":"http:\/\/www.business-counsellor.de\/de\/wp-json\/wp\/v2\/pages\/48"}],"collection":[{"href":"http:\/\/www.business-counsellor.de\/de\/wp-json\/wp\/v2\/pages"}],"about":[{"href":"http:\/\/www.business-counsellor.de\/de\/wp-json\/wp\/v2\/types\/page"}],"author":[{"embeddable":true,"href":"http:\/\/www.business-counsellor.de\/de\/wp-json\/wp\/v2\/users\/1"}],"replies":[{"embeddable":true,"href":"http:\/\/www.business-counsellor.de\/de\/wp-json\/wp\/v2\/comments?post=48"}],"version-history":[{"count":38,"href":"http:\/\/www.business-counsellor.de\/de\/wp-json\/wp\/v2\/pages\/48\/revisions"}],"predecessor-version":[{"id":932,"href":"http:\/\/www.business-counsellor.de\/de\/wp-json\/wp\/v2\/pages\/48\/revisions\/932"}],"wp:attachment":[{"href":"http:\/\/www.business-counsellor.de\/de\/wp-json\/wp\/v2\/media?parent=48"}],"curies":[{"name":"wp","href":"https:\/\/api.w.org\/{rel}","templated":true}]}}