{"id":23,"date":"2017-06-02T13:15:21","date_gmt":"2017-06-02T11:15:21","guid":{"rendered":"http:\/\/www.business-counsellor.de\/de\/?page_id=23"},"modified":"2017-11-20T09:42:28","modified_gmt":"2017-11-20T08:42:28","slug":"business-counsellor","status":"publish","type":"page","link":"http:\/\/www.business-counsellor.de\/de\/business-counsellor\/","title":{"rendered":"Business Counsellor"},"content":{"rendered":"<div id=\"hhklammer\"><img decoding=\"async\" src=\"http:\/\/www.business-counsellor.de\/de\/wp-content\/uploads\/2017\/06\/hdown.png\" style=\"width: 1140px;\"><\/p>\n<div id=\"hhleft\"><video class=\"seg\" poster=\"http:\/\/www.business-counsellor.de\/de\/wp-content\/uploads\/2017\/06\/fahrt.jpg\" autoplay=\"autoplay\" loop=\"loop\" muted=\"&quot;\"><source src=\"http:\/\/www.business-counsellor.de\/de\/wp-content\/uploads\/2017\/06\/fahrt.ogv\" type=\"video\/ogg\" \/><source src=\"http:\/\/www.business-counsellor.de\/de\/wp-content\/uploads\/2017\/06\/fahrt.mp4\" type=\"video\/mp4\" \/><\/video><\/div>\n<div id=\"hhright\"><\/div>\n<div id=\"hhdown\"><\/div>\n<\/div>\n<p>| business counsellor <\/p>\n<h1>&#8222;Wie kann Business Counselling Sie unterst\u00fctzen?&#8220;<\/h1>\n<p>&nbsp;<br \/>&nbsp;<\/p>\n<h2>Was brauchen Sie?<\/h2>\n<p><span style=\"color: #97053d;\">Berater\/Counsultants<\/span> stehen Ihnen mit Analysen und Konzepten zur Seite.<br \/>\n<span style=\"color: #97053d;\">Trainer\/Coaches<\/span> bieten Ihnen vielf\u00e4ltige Methoden.<\/p>\n<p><strong>Welche Methoden oder Konzepte passen zu Ihnen und Ihren Vorhaben?<\/strong><br \/>\n<strong>F\u00fchren diese zu Ihrem Erfolg?<\/strong><br \/>\n<strong>Gibt es \u00fcberhaupt schon Ihre Methode oder Ihr Konzept?<\/strong><\/p>\n<h3>In meiner \u00dcberzeugung kann man Unternehmensleitung nicht trainieren oder coachen.<\/h3>\n<p>Oftmals werden &#8222;Beratung&#8220; und &#8222;Coaching&#8220; missinterpretiert, als k\u00f6nne eine andere Person mit Rat und Tat Ihre Probleme l\u00f6sen. Andere Menschen sind nicht &#8222;Sie&#8220; und deren Ideen oder L\u00f6sungen passen m\u00f6glicherweise nicht zu Ihren einzigartigen, individuellen Umst\u00e4nden, zu Ihrer Pers\u00f6nlichkeit und Ihren kreativen Ideen.<\/p>\n<p>Anstatt sich auf die Erfahrungen anderer zu verlassen, die Ihren Weg weder kennen, noch selbst beschritten haben k\u00f6nnen, brauchen Sie einen Partner, der mit Ihnen Gedanken, Ideen und Probleml\u00f6sungen diskutiert, durchdenkt, qualifiziert pr\u00fcft und Sie in Ihren Vorhaben best\u00e4rkt.<\/p>\n<p>Sie brauchen pers\u00f6nliche Unterst\u00fctzung und Ermutigung in Ihrem Denken und Handeln, um das Unternehmen sowie sich selbst und andere, selbstsicher und standfest in die Zukunft f\u00fchren zu k\u00f6nnen.<\/p>\n<h3>Was kann ein Business Counsellor?<\/h3>\n<p>Als <span style=\"color: #97053d;\">Business Counsellor\/Management Vertrauter<\/span> muss ich die F\u00e4higkeiten guter Berater und Coaches vereinen und weit dar\u00fcber hinaus Sie in Ihren sehr individuellen und komplexen Anspr\u00fcchen unterst\u00fctzen.<\/p>\n<p>Hierf\u00fcr sind f\u00fcr mich <strong>Diskretion und pers\u00f6nliche Verf\u00fcgbarkeit<\/strong> oberste Pr\u00e4missen.<\/p>\n<p>Nat\u00fcrlich verf\u00fcge ich auch \u00fcber das ganze Repertoire substanzieller Beratung sowie Coachings, und scheue mich nicht, Ihnen Speziallisten an geeigneter Stelle zu empfehlen und diese auch zu \u00fcberpr\u00fcfen. Selbstverst\u00e4ndlich bin ich f\u00fcr Sie auch deutschlandweit vor Ort sowie in schwierigen Situationen verf\u00fcgbar, und biete Ihnen f\u00fcr die intensive Vorbereitung auf spezielle Herausforderungen auch gern einen Besuch in Leipzig mit vielen Mehrwerten an.<\/p>\n<p>Mein Anspruch ist es, Ihnen auf <strong>Augenh\u00f6he<\/strong> und mit <strong>schnellem Verst\u00e4ndnis<\/strong> f\u00fcr Ihre Vorhaben zu begegnen.<\/p>\n<p><strong><span style=\"color: #97053d;\">Erleben Sie Business Counselling in einem pers\u00f6nlichen Gespr\u00e4ch!<\/span><\/strong><\/p>\n<p><span style=\"color: #97053d;\">Visionen transponieren<br \/>\nZiele filtern<br \/>\nOptionen diskutieren<br \/>\nRisiken strukturieren<br \/>\nEntscheidungen begleiten<br \/>\nPers\u00f6nliche St\u00e4rkung<br \/>\nVertrauliche Entlastung<\/span><\/p>\n<p><\/p>\n<p>&nbsp;<br \/>&nbsp;<\/p>\n<p><a href=\"http:\/\/www.business-counsellor.de\/de\/kontakt\/\" title=\"Kontakt aufnehmen\"><\/p>\n<h2>Ihr Business Counsellor<\/h2>\n<h3>in Deutschland<br \/>und vor Ort<br \/>wo Sie mich brauchen<\/h3>\n<p><\/a><\/p>\n<p><a href=\"http:\/\/www.business-counsellor.de\/de\/counselling\/\" title=\"Business Counselling\">Counselling<\/a> | <a href=\"http:\/\/www.business-counsellor.de\/de\/sparring\/\" title=\"Business Sparring\">Sparring<\/a> | <a href=\"http:\/\/www.business-counsellor.de\/de\/deployment\/\" title=\"Business Deployment\">Deployment<\/a><\/p>\n<p>&nbsp;<\/p>\n<p><a href=\"http:\/\/www.business-counsellor.de\/de\/kontakt\/\" title=\"Kontakt aufnehmen\"><span class=\"dashicons dashicons-email\"><\/span> Kontakt aufnehmen ..<\/a><\/p>\n","protected":false},"excerpt":{"rendered":"<p>| business counsellor &#8222;Wie kann Business Counselling Sie unterst\u00fctzen?&#8220; &nbsp;&nbsp; Was brauchen Sie? Berater\/Counsultants stehen Ihnen mit Analysen und Konzepten zur Seite. Trainer\/Coaches bieten Ihnen vielf\u00e4ltige Methoden. Welche Methoden oder Konzepte passen zu Ihnen und Ihren Vorhaben? F\u00fchren diese zu Ihrem Erfolg? Gibt es \u00fcberhaupt schon Ihre Methode oder Ihr Konzept? In meiner \u00dcberzeugung kann man Unternehmensleitung nicht trainieren oder coachen. Oftmals werden &#8222;Beratung&#8220; und &#8222;Coaching&#8220; missinterpretiert, als k\u00f6nne eine &hellip; <\/p>\n","protected":false},"author":1,"featured_media":929,"parent":0,"menu_order":0,"comment_status":"closed","ping_status":"closed","template":"page-templates\/grid-page.php","meta":[],"yoast_head":"<!-- This site is optimized with the Yoast SEO plugin v19.13 - https:\/\/yoast.com\/wordpress\/plugins\/seo\/ -->\n<title>Business Counsellor | Business Counsellor - Top Management &amp; Senior Executives<\/title>\n<meta name=\"description\" content=\"business counsellor | &quot;Wie kann Business Counselling Sie unterst\u00fctzen?&quot;\" \/>\n<meta name=\"robots\" content=\"index, follow, max-snippet:-1, max-image-preview:large, max-video-preview:-1\" \/>\n<link rel=\"canonical\" href=\"http:\/\/www.business-counsellor.de\/de\/business-counsellor\/\" \/>\n<meta property=\"og:locale\" content=\"de_DE\" \/>\n<meta property=\"og:type\" content=\"article\" \/>\n<meta property=\"og:title\" content=\"Business Counsellor | Business Counsellor - Top Management &amp; Senior Executives\" \/>\n<meta property=\"og:description\" content=\"business counsellor | &quot;Wie kann Business Counselling Sie unterst\u00fctzen?&quot;\" \/>\n<meta property=\"og:url\" content=\"http:\/\/www.business-counsellor.de\/de\/business-counsellor\/\" \/>\n<meta property=\"og:site_name\" content=\"Business Counsellor - Top Management &amp; Senior Executives\" \/>\n<meta property=\"article:publisher\" content=\"https:\/\/de-de.facebook.com\/DiplKfmVincentKlimkowicz\/\" \/>\n<meta property=\"article:modified_time\" content=\"2017-11-20T08:42:28+00:00\" \/>\n<meta property=\"og:image\" content=\"http:\/\/www.business-counsellor.de\/de\/wp-content\/uploads\/2017\/11\/hdown-2.png\" \/>\n\t<meta property=\"og:image:width\" content=\"1140\" \/>\n\t<meta property=\"og:image:height\" content=\"800\" \/>\n\t<meta property=\"og:image:type\" content=\"image\/png\" \/>\n<meta name=\"twitter:card\" content=\"summary_large_image\" \/>\n<meta name=\"twitter:label1\" content=\"Gesch\u00e4tzte Lesezeit\" \/>\n\t<meta name=\"twitter:data1\" content=\"2\u00a0Minuten\" \/>\n<script type=\"application\/ld+json\" class=\"yoast-schema-graph\">{\"@context\":\"https:\/\/schema.org\",\"@graph\":[{\"@type\":\"WebPage\",\"@id\":\"http:\/\/www.business-counsellor.de\/de\/business-counsellor\/\",\"url\":\"http:\/\/www.business-counsellor.de\/de\/business-counsellor\/\",\"name\":\"Business Counsellor | Business Counsellor - Top Management &amp; Senior Executives\",\"isPartOf\":{\"@id\":\"http:\/\/www.business-counsellor.de\/de\/#website\"},\"datePublished\":\"2017-06-02T11:15:21+00:00\",\"dateModified\":\"2017-11-20T08:42:28+00:00\",\"description\":\"business counsellor | \\\"Wie kann Business Counselling Sie unterst\u00fctzen?\\\"\",\"breadcrumb\":{\"@id\":\"http:\/\/www.business-counsellor.de\/de\/business-counsellor\/#breadcrumb\"},\"inLanguage\":\"de\",\"potentialAction\":[{\"@type\":\"ReadAction\",\"target\":[\"http:\/\/www.business-counsellor.de\/de\/business-counsellor\/\"]}]},{\"@type\":\"BreadcrumbList\",\"@id\":\"http:\/\/www.business-counsellor.de\/de\/business-counsellor\/#breadcrumb\",\"itemListElement\":[{\"@type\":\"ListItem\",\"position\":1,\"name\":\"Startseite\",\"item\":\"http:\/\/www.business-counsellor.de\/de\/\"},{\"@type\":\"ListItem\",\"position\":2,\"name\":\"Business Counsellor\"}]},{\"@type\":\"WebSite\",\"@id\":\"http:\/\/www.business-counsellor.de\/de\/#website\",\"url\":\"http:\/\/www.business-counsellor.de\/de\/\",\"name\":\"Business Counsellor - Top Management &amp; Senior Executives\",\"description\":\"spezialisiert auf die fachliche und pers\u00f6nliche Begleitung von Personen mit sehr hoher F\u00fchrungsverantwortung\",\"publisher\":{\"@id\":\"http:\/\/www.business-counsellor.de\/de\/#organization\"},\"potentialAction\":[{\"@type\":\"SearchAction\",\"target\":{\"@type\":\"EntryPoint\",\"urlTemplate\":\"http:\/\/www.business-counsellor.de\/de\/?s={search_term_string}\"},\"query-input\":\"required name=search_term_string\"}],\"inLanguage\":\"de\"},{\"@type\":\"Organization\",\"@id\":\"http:\/\/www.business-counsellor.de\/de\/#organization\",\"name\":\"Business Counsellor Dipl.-Kfm. Vincent Klimkwowicz\",\"url\":\"http:\/\/www.business-counsellor.de\/de\/\",\"logo\":{\"@type\":\"ImageObject\",\"inLanguage\":\"de\",\"@id\":\"http:\/\/www.business-counsellor.de\/de\/#\/schema\/logo\/image\/\",\"url\":\"http:\/\/www.business-counsellor.de\/de\/wp-content\/uploads\/2017\/06\/counsellorlogo.jpg\",\"contentUrl\":\"http:\/\/www.business-counsellor.de\/de\/wp-content\/uploads\/2017\/06\/counsellorlogo.jpg\",\"width\":583,\"height\":200,\"caption\":\"Business Counsellor Dipl.-Kfm. Vincent Klimkwowicz\"},\"image\":{\"@id\":\"http:\/\/www.business-counsellor.de\/de\/#\/schema\/logo\/image\/\"},\"sameAs\":[\"https:\/\/www.linkedin.com\/company\/klimkowicz\",\"https:\/\/de-de.facebook.com\/DiplKfmVincentKlimkowicz\/\"]}]}<\/script>\n<!-- \/ Yoast SEO plugin. -->","yoast_head_json":{"title":"Business Counsellor | Business Counsellor - Top Management &amp; Senior Executives","description":"business counsellor | \"Wie kann Business Counselling Sie unterst\u00fctzen?\"","robots":{"index":"index","follow":"follow","max-snippet":"max-snippet:-1","max-image-preview":"max-image-preview:large","max-video-preview":"max-video-preview:-1"},"canonical":"http:\/\/www.business-counsellor.de\/de\/business-counsellor\/","og_locale":"de_DE","og_type":"article","og_title":"Business Counsellor | Business Counsellor - Top Management &amp; Senior Executives","og_description":"business counsellor | \"Wie kann Business Counselling Sie unterst\u00fctzen?\"","og_url":"http:\/\/www.business-counsellor.de\/de\/business-counsellor\/","og_site_name":"Business Counsellor - Top Management &amp; Senior Executives","article_publisher":"https:\/\/de-de.facebook.com\/DiplKfmVincentKlimkowicz\/","article_modified_time":"2017-11-20T08:42:28+00:00","og_image":[{"width":1140,"height":800,"url":"http:\/\/www.business-counsellor.de\/de\/wp-content\/uploads\/2017\/11\/hdown-2.png","type":"image\/png"}],"twitter_card":"summary_large_image","twitter_misc":{"Gesch\u00e4tzte Lesezeit":"2\u00a0Minuten"},"schema":{"@context":"https:\/\/schema.org","@graph":[{"@type":"WebPage","@id":"http:\/\/www.business-counsellor.de\/de\/business-counsellor\/","url":"http:\/\/www.business-counsellor.de\/de\/business-counsellor\/","name":"Business Counsellor | Business Counsellor - Top Management &amp; Senior Executives","isPartOf":{"@id":"http:\/\/www.business-counsellor.de\/de\/#website"},"datePublished":"2017-06-02T11:15:21+00:00","dateModified":"2017-11-20T08:42:28+00:00","description":"business counsellor | \"Wie kann Business Counselling Sie unterst\u00fctzen?\"","breadcrumb":{"@id":"http:\/\/www.business-counsellor.de\/de\/business-counsellor\/#breadcrumb"},"inLanguage":"de","potentialAction":[{"@type":"ReadAction","target":["http:\/\/www.business-counsellor.de\/de\/business-counsellor\/"]}]},{"@type":"BreadcrumbList","@id":"http:\/\/www.business-counsellor.de\/de\/business-counsellor\/#breadcrumb","itemListElement":[{"@type":"ListItem","position":1,"name":"Startseite","item":"http:\/\/www.business-counsellor.de\/de\/"},{"@type":"ListItem","position":2,"name":"Business Counsellor"}]},{"@type":"WebSite","@id":"http:\/\/www.business-counsellor.de\/de\/#website","url":"http:\/\/www.business-counsellor.de\/de\/","name":"Business Counsellor - Top Management &amp; Senior Executives","description":"spezialisiert auf die fachliche und pers\u00f6nliche Begleitung von Personen mit sehr hoher F\u00fchrungsverantwortung","publisher":{"@id":"http:\/\/www.business-counsellor.de\/de\/#organization"},"potentialAction":[{"@type":"SearchAction","target":{"@type":"EntryPoint","urlTemplate":"http:\/\/www.business-counsellor.de\/de\/?s={search_term_string}"},"query-input":"required name=search_term_string"}],"inLanguage":"de"},{"@type":"Organization","@id":"http:\/\/www.business-counsellor.de\/de\/#organization","name":"Business Counsellor Dipl.-Kfm. Vincent Klimkwowicz","url":"http:\/\/www.business-counsellor.de\/de\/","logo":{"@type":"ImageObject","inLanguage":"de","@id":"http:\/\/www.business-counsellor.de\/de\/#\/schema\/logo\/image\/","url":"http:\/\/www.business-counsellor.de\/de\/wp-content\/uploads\/2017\/06\/counsellorlogo.jpg","contentUrl":"http:\/\/www.business-counsellor.de\/de\/wp-content\/uploads\/2017\/06\/counsellorlogo.jpg","width":583,"height":200,"caption":"Business Counsellor Dipl.-Kfm. Vincent Klimkwowicz"},"image":{"@id":"http:\/\/www.business-counsellor.de\/de\/#\/schema\/logo\/image\/"},"sameAs":["https:\/\/www.linkedin.com\/company\/klimkowicz","https:\/\/de-de.facebook.com\/DiplKfmVincentKlimkowicz\/"]}]}},"_links":{"self":[{"href":"http:\/\/www.business-counsellor.de\/de\/wp-json\/wp\/v2\/pages\/23"}],"collection":[{"href":"http:\/\/www.business-counsellor.de\/de\/wp-json\/wp\/v2\/pages"}],"about":[{"href":"http:\/\/www.business-counsellor.de\/de\/wp-json\/wp\/v2\/types\/page"}],"author":[{"embeddable":true,"href":"http:\/\/www.business-counsellor.de\/de\/wp-json\/wp\/v2\/users\/1"}],"replies":[{"embeddable":true,"href":"http:\/\/www.business-counsellor.de\/de\/wp-json\/wp\/v2\/comments?post=23"}],"version-history":[{"count":22,"href":"http:\/\/www.business-counsellor.de\/de\/wp-json\/wp\/v2\/pages\/23\/revisions"}],"predecessor-version":[{"id":930,"href":"http:\/\/www.business-counsellor.de\/de\/wp-json\/wp\/v2\/pages\/23\/revisions\/930"}],"wp:featuredmedia":[{"embeddable":true,"href":"http:\/\/www.business-counsellor.de\/de\/wp-json\/wp\/v2\/media\/929"}],"wp:attachment":[{"href":"http:\/\/www.business-counsellor.de\/de\/wp-json\/wp\/v2\/media?parent=23"}],"curies":[{"name":"wp","href":"https:\/\/api.w.org\/{rel}","templated":true}]}}