{"id":114,"date":"2017-06-09T10:27:39","date_gmt":"2017-06-09T08:27:39","guid":{"rendered":"http:\/\/www.business-counsellor.de\/de\/?page_id=114"},"modified":"2018-05-24T21:35:15","modified_gmt":"2018-05-24T19:35:15","slug":"impressum","status":"publish","type":"page","link":"http:\/\/www.business-counsellor.de\/de\/impressum\/","title":{"rendered":"Impressum &#038; Datenschutz"},"content":{"rendered":"<p><img decoding=\"async\" loading=\"lazy\" width=\"994\" height=\"800\" class=\" wp-image-137 impress\" src=\"http:\/\/www.business-counsellor.de\/de\/wp-content\/uploads\/2017\/06\/stift.jpg\" alt=\"Impressum-Bild\" srcset=\"http:\/\/www.business-counsellor.de\/de\/wp-content\/uploads\/2017\/06\/stift.jpg 994w, http:\/\/www.business-counsellor.de\/de\/wp-content\/uploads\/2017\/06\/stift-300x241.jpg 300w, http:\/\/www.business-counsellor.de\/de\/wp-content\/uploads\/2017\/06\/stift-768x618.jpg 768w\" sizes=\"(max-width: 994px) 100vw, 994px\" \/><\/p>\n<p>&nbsp;<\/p>\n<p>Impressum &#038; Datenschutzerkl\u00e4rung<\/p>\n<p>Verantwortlicher \u00a7 5 TMG\/ \u00a7 55 RStV<br \/>\nDipl.-Kfm. Vincent Klimkowicz<br \/>\nBrockhausstra\u00dfe 26, 04229 Leipzig, D<br \/>\n0174. 363 00 00 | kontakt [at] business-counsellor.de<br \/>\nUmsatzsteuer-Identifikationsnummer gem\u00e4\u00df \u00a727a UStG: DE282915077<\/p>\n<p>Disclaimer<\/p>\n<p>Haftung f\u00fcr Inhalte<\/p>\n<p>Die Inhalte dieser Seiten wurden mit gr\u00f6\u00dfter Sorgfalt erstellt. F\u00fcr die Richtigkeit, Vollst\u00e4ndigkeit und Aktualit\u00e4t der Inhalte kann jedoch keine Gew\u00e4hr \u00fcbernommen werden. Als Diensteanbieter sind wir gem\u00e4\u00df \u00a7 7 Abs.1 TMG f\u00fcr eigene Inhalte auf diesen Seiten nach den allgemeinen Gesetzen verantwortlich. Nach \u00a7\u00a7 8 bis 10 TMG sind wir als Diensteanbieter jedoch nicht verpflichtet, \u00fcbermittelte oder gespeicherte fremde Informationen zu \u00fcberwachen oder nach Umst\u00e4nden zu forschen, die auf eine rechtswidrige T\u00e4tigkeit hinweisen. Verpflichtungen zur Entfernung oder Sperrung der Nutzung von Informationen nach den allgemeinen Gesetzen bleiben hiervon unber\u00fchrt. Eine diesbez\u00fcgliche Haftung ist jedoch erst ab dem Zeitpunkt der Kenntnis einer konkreten Rechtsverletzung m\u00f6glich. Bei Bekanntwerden von entsprechenden Rechtsverletzungen wird dieser Inhalt umgehend entfernt.<\/p>\n<p>Urheberrecht<\/p>\n<p>Die durch den Seitenbetreiber erstellten Inhalte und Werke auf diesen Seiten unterliegen dem deutschen Urheberrecht. Die Vervielf\u00e4ltigung, Bearbeitung, Verbreitung und jede Art der Verwertung au\u00dferhalb der Grenzen des Urheberrechtes bed\u00fcrfen der schriftlichen Zustimmung des jeweiligen Autors bzw. Erstellers. Downloads und Kopien dieser Seite sind nur im Rahmen des Klientenverh\u00e4ltnisses zu Dipl.-Kfm. Vincent Klimkowicz oder nach vorheriger Zustimmung gestattet. Soweit die Inhalte auf dieser Seite nicht vom Betreiber erstellt wurden, werden die Urheberrechte Dritter beachtet. Insbesondere werden Inhalte Dritter als solche gekennzeichnet. Sollten Sie trotzdem auf eine Urheberrechtsverletzung aufmerksam werden, bitten wir Sie um einen entsprechenden Hinweis. Bei Bekanntwerden von Rechtsverletzungen werden wir derartige Inhalte umgehend entfernen.<\/p>\n<p>Datenschutz<\/p>\n<p><a href=\"http:\/\/www.business-counsellor.de\/de\/wp-content\/uploads\/2018\/05\/KLIMKOWICZ-201805DSE.pdf\" target=\"_blank\">Datenschutzerkl\u00e4rung<\/a><\/p>\n<p>Der Nutzung von im Rahmen der Impressumspflicht ver\u00f6ffentlichten Kontaktdaten durch Dritte zur \u00dcbersendung von nicht ausdr\u00fccklich angeforderter Werbung und Informationsmaterialien wird hiermit ausdr\u00fccklich widersprochen. Der Betreiber der Seiten beh\u00e4lt sich ausdr\u00fccklich rechtliche Schritte im Falle der unverlangten Zusendung von Werbeinformationen, etwa durch Spam-Mails, vor.<\/p>\n<p>Quellverweis: eRecht24 Disclaimer<\/p>\n<p>&nbsp;<br \/>&nbsp;<\/p>\n<p>&nbsp;<br \/>&nbsp;<\/p>\n<p><a href=\"http:\/\/www.business-counsellor.de\/de\/kontakt\/\" title=\"Kontakt aufnehmen\"><\/p>\n<h2>Ihr Business Counsellor<\/h2>\n<h3>in Deutschland<br \/>und vor Ort<br \/>wo Sie mich brauchen<\/h3>\n<p><\/a><\/p>\n<p><a href=\"http:\/\/www.business-counsellor.de\/de\/counselling\/\" title=\"Business Counselling\">Counselling<\/a> | <a href=\"http:\/\/www.business-counsellor.de\/de\/sparring\/\" title=\"Business Sparring\">Sparring<\/a> | <a href=\"http:\/\/www.business-counsellor.de\/de\/deployment\/\" title=\"Business Deployment\">Deployment<\/a><\/p>\n<p>&nbsp;<\/p>\n<p><a href=\"http:\/\/www.business-counsellor.de\/de\/kontakt\/\" title=\"Kontakt aufnehmen\"><span class=\"dashicons dashicons-email\"><\/span> Kontakt aufnehmen ..<\/a><\/p>\n","protected":false},"excerpt":{"rendered":"<p>&nbsp; Impressum &#038; Datenschutzerkl\u00e4rung Verantwortlicher \u00a7 5 TMG\/ \u00a7 55 RStV Dipl.-Kfm. Vincent Klimkowicz Brockhausstra\u00dfe 26, 04229 Leipzig, D 0174. 363 00 00 | kontakt [at] business-counsellor.de Umsatzsteuer-Identifikationsnummer gem\u00e4\u00df \u00a727a UStG: DE282915077 Disclaimer Haftung f\u00fcr Inhalte Die Inhalte dieser Seiten wurden mit gr\u00f6\u00dfter Sorgfalt erstellt. F\u00fcr die Richtigkeit, Vollst\u00e4ndigkeit und Aktualit\u00e4t der Inhalte kann jedoch keine Gew\u00e4hr \u00fcbernommen werden. Als Diensteanbieter sind wir gem\u00e4\u00df \u00a7 7 Abs.1 TMG f\u00fcr eigene &hellip; <\/p>\n","protected":false},"author":1,"featured_media":137,"parent":0,"menu_order":0,"comment_status":"closed","ping_status":"closed","template":"page-templates\/grid-page.php","meta":[],"yoast_head":"<!-- This site is optimized with the Yoast SEO plugin v19.13 - https:\/\/yoast.com\/wordpress\/plugins\/seo\/ -->\n<title>Impressum &amp; Datenschutz | Business Counsellor - Top Management &amp; Senior Executives<\/title>\n<meta name=\"robots\" content=\"index, follow, max-snippet:-1, max-image-preview:large, max-video-preview:-1\" \/>\n<link rel=\"canonical\" href=\"http:\/\/www.business-counsellor.de\/de\/impressum\/\" \/>\n<meta property=\"og:locale\" content=\"de_DE\" \/>\n<meta property=\"og:type\" content=\"article\" \/>\n<meta property=\"og:title\" content=\"Impressum &amp; Datenschutz | Business Counsellor - Top Management &amp; Senior Executives\" \/>\n<meta property=\"og:description\" content=\"&nbsp; Impressum &#038; Datenschutzerkl\u00e4rung Verantwortlicher \u00a7 5 TMG\/ \u00a7 55 RStV Dipl.-Kfm. Vincent Klimkowicz Brockhausstra\u00dfe 26, 04229 Leipzig, D 0174. 363 00 00 | kontakt [at] business-counsellor.de Umsatzsteuer-Identifikationsnummer gem\u00e4\u00df \u00a727a UStG: DE282915077 Disclaimer Haftung f\u00fcr Inhalte Die Inhalte dieser Seiten wurden mit gr\u00f6\u00dfter Sorgfalt erstellt. F\u00fcr die Richtigkeit, Vollst\u00e4ndigkeit und Aktualit\u00e4t der Inhalte kann jedoch keine Gew\u00e4hr \u00fcbernommen werden. Als Diensteanbieter sind wir gem\u00e4\u00df \u00a7 7 Abs.1 TMG f\u00fcr eigene &hellip;\" \/>\n<meta property=\"og:url\" content=\"http:\/\/www.business-counsellor.de\/de\/impressum\/\" \/>\n<meta property=\"og:site_name\" content=\"Business Counsellor - Top Management &amp; Senior Executives\" \/>\n<meta property=\"article:publisher\" content=\"https:\/\/de-de.facebook.com\/DiplKfmVincentKlimkowicz\/\" \/>\n<meta property=\"article:modified_time\" content=\"2018-05-24T19:35:15+00:00\" \/>\n<meta property=\"og:image\" content=\"http:\/\/www.business-counsellor.de\/de\/wp-content\/uploads\/2017\/06\/stift.jpg\" \/>\n\t<meta property=\"og:image:width\" content=\"994\" \/>\n\t<meta property=\"og:image:height\" content=\"800\" \/>\n\t<meta property=\"og:image:type\" content=\"image\/jpeg\" \/>\n<meta name=\"twitter:card\" content=\"summary_large_image\" \/>\n<meta name=\"twitter:label1\" content=\"Gesch\u00e4tzte Lesezeit\" \/>\n\t<meta name=\"twitter:data1\" content=\"2\u00a0Minuten\" \/>\n<script type=\"application\/ld+json\" class=\"yoast-schema-graph\">{\"@context\":\"https:\/\/schema.org\",\"@graph\":[{\"@type\":\"WebPage\",\"@id\":\"http:\/\/www.business-counsellor.de\/de\/impressum\/\",\"url\":\"http:\/\/www.business-counsellor.de\/de\/impressum\/\",\"name\":\"Impressum & Datenschutz | Business Counsellor - Top Management &amp; Senior Executives\",\"isPartOf\":{\"@id\":\"http:\/\/www.business-counsellor.de\/de\/#website\"},\"datePublished\":\"2017-06-09T08:27:39+00:00\",\"dateModified\":\"2018-05-24T19:35:15+00:00\",\"breadcrumb\":{\"@id\":\"http:\/\/www.business-counsellor.de\/de\/impressum\/#breadcrumb\"},\"inLanguage\":\"de\",\"potentialAction\":[{\"@type\":\"ReadAction\",\"target\":[\"http:\/\/www.business-counsellor.de\/de\/impressum\/\"]}]},{\"@type\":\"BreadcrumbList\",\"@id\":\"http:\/\/www.business-counsellor.de\/de\/impressum\/#breadcrumb\",\"itemListElement\":[{\"@type\":\"ListItem\",\"position\":1,\"name\":\"Startseite\",\"item\":\"http:\/\/www.business-counsellor.de\/de\/\"},{\"@type\":\"ListItem\",\"position\":2,\"name\":\"Impressum &#038; Datenschutz\"}]},{\"@type\":\"WebSite\",\"@id\":\"http:\/\/www.business-counsellor.de\/de\/#website\",\"url\":\"http:\/\/www.business-counsellor.de\/de\/\",\"name\":\"Business Counsellor - Top Management &amp; Senior Executives\",\"description\":\"spezialisiert auf die fachliche und pers\u00f6nliche Begleitung von Personen mit sehr hoher F\u00fchrungsverantwortung\",\"publisher\":{\"@id\":\"http:\/\/www.business-counsellor.de\/de\/#organization\"},\"potentialAction\":[{\"@type\":\"SearchAction\",\"target\":{\"@type\":\"EntryPoint\",\"urlTemplate\":\"http:\/\/www.business-counsellor.de\/de\/?s={search_term_string}\"},\"query-input\":\"required name=search_term_string\"}],\"inLanguage\":\"de\"},{\"@type\":\"Organization\",\"@id\":\"http:\/\/www.business-counsellor.de\/de\/#organization\",\"name\":\"Business Counsellor Dipl.-Kfm. Vincent Klimkwowicz\",\"url\":\"http:\/\/www.business-counsellor.de\/de\/\",\"logo\":{\"@type\":\"ImageObject\",\"inLanguage\":\"de\",\"@id\":\"http:\/\/www.business-counsellor.de\/de\/#\/schema\/logo\/image\/\",\"url\":\"http:\/\/www.business-counsellor.de\/de\/wp-content\/uploads\/2017\/06\/counsellorlogo.jpg\",\"contentUrl\":\"http:\/\/www.business-counsellor.de\/de\/wp-content\/uploads\/2017\/06\/counsellorlogo.jpg\",\"width\":583,\"height\":200,\"caption\":\"Business Counsellor Dipl.-Kfm. Vincent Klimkwowicz\"},\"image\":{\"@id\":\"http:\/\/www.business-counsellor.de\/de\/#\/schema\/logo\/image\/\"},\"sameAs\":[\"https:\/\/www.linkedin.com\/company\/klimkowicz\",\"https:\/\/de-de.facebook.com\/DiplKfmVincentKlimkowicz\/\"]}]}<\/script>\n<!-- \/ Yoast SEO plugin. -->","yoast_head_json":{"title":"Impressum & Datenschutz | Business Counsellor - Top Management &amp; Senior Executives","robots":{"index":"index","follow":"follow","max-snippet":"max-snippet:-1","max-image-preview":"max-image-preview:large","max-video-preview":"max-video-preview:-1"},"canonical":"http:\/\/www.business-counsellor.de\/de\/impressum\/","og_locale":"de_DE","og_type":"article","og_title":"Impressum & Datenschutz | Business Counsellor - Top Management &amp; Senior Executives","og_description":"&nbsp; Impressum &#038; Datenschutzerkl\u00e4rung Verantwortlicher \u00a7 5 TMG\/ \u00a7 55 RStV Dipl.-Kfm. Vincent Klimkowicz Brockhausstra\u00dfe 26, 04229 Leipzig, D 0174. 363 00 00 | kontakt [at] business-counsellor.de Umsatzsteuer-Identifikationsnummer gem\u00e4\u00df \u00a727a UStG: DE282915077 Disclaimer Haftung f\u00fcr Inhalte Die Inhalte dieser Seiten wurden mit gr\u00f6\u00dfter Sorgfalt erstellt. F\u00fcr die Richtigkeit, Vollst\u00e4ndigkeit und Aktualit\u00e4t der Inhalte kann jedoch keine Gew\u00e4hr \u00fcbernommen werden. Als Diensteanbieter sind wir gem\u00e4\u00df \u00a7 7 Abs.1 TMG f\u00fcr eigene &hellip;","og_url":"http:\/\/www.business-counsellor.de\/de\/impressum\/","og_site_name":"Business Counsellor - Top Management &amp; Senior Executives","article_publisher":"https:\/\/de-de.facebook.com\/DiplKfmVincentKlimkowicz\/","article_modified_time":"2018-05-24T19:35:15+00:00","og_image":[{"width":994,"height":800,"url":"http:\/\/www.business-counsellor.de\/de\/wp-content\/uploads\/2017\/06\/stift.jpg","type":"image\/jpeg"}],"twitter_card":"summary_large_image","twitter_misc":{"Gesch\u00e4tzte Lesezeit":"2\u00a0Minuten"},"schema":{"@context":"https:\/\/schema.org","@graph":[{"@type":"WebPage","@id":"http:\/\/www.business-counsellor.de\/de\/impressum\/","url":"http:\/\/www.business-counsellor.de\/de\/impressum\/","name":"Impressum & Datenschutz | Business Counsellor - Top Management &amp; Senior Executives","isPartOf":{"@id":"http:\/\/www.business-counsellor.de\/de\/#website"},"datePublished":"2017-06-09T08:27:39+00:00","dateModified":"2018-05-24T19:35:15+00:00","breadcrumb":{"@id":"http:\/\/www.business-counsellor.de\/de\/impressum\/#breadcrumb"},"inLanguage":"de","potentialAction":[{"@type":"ReadAction","target":["http:\/\/www.business-counsellor.de\/de\/impressum\/"]}]},{"@type":"BreadcrumbList","@id":"http:\/\/www.business-counsellor.de\/de\/impressum\/#breadcrumb","itemListElement":[{"@type":"ListItem","position":1,"name":"Startseite","item":"http:\/\/www.business-counsellor.de\/de\/"},{"@type":"ListItem","position":2,"name":"Impressum &#038; Datenschutz"}]},{"@type":"WebSite","@id":"http:\/\/www.business-counsellor.de\/de\/#website","url":"http:\/\/www.business-counsellor.de\/de\/","name":"Business Counsellor - Top Management &amp; Senior Executives","description":"spezialisiert auf die fachliche und pers\u00f6nliche Begleitung von Personen mit sehr hoher F\u00fchrungsverantwortung","publisher":{"@id":"http:\/\/www.business-counsellor.de\/de\/#organization"},"potentialAction":[{"@type":"SearchAction","target":{"@type":"EntryPoint","urlTemplate":"http:\/\/www.business-counsellor.de\/de\/?s={search_term_string}"},"query-input":"required name=search_term_string"}],"inLanguage":"de"},{"@type":"Organization","@id":"http:\/\/www.business-counsellor.de\/de\/#organization","name":"Business Counsellor Dipl.-Kfm. Vincent Klimkwowicz","url":"http:\/\/www.business-counsellor.de\/de\/","logo":{"@type":"ImageObject","inLanguage":"de","@id":"http:\/\/www.business-counsellor.de\/de\/#\/schema\/logo\/image\/","url":"http:\/\/www.business-counsellor.de\/de\/wp-content\/uploads\/2017\/06\/counsellorlogo.jpg","contentUrl":"http:\/\/www.business-counsellor.de\/de\/wp-content\/uploads\/2017\/06\/counsellorlogo.jpg","width":583,"height":200,"caption":"Business Counsellor Dipl.-Kfm. Vincent Klimkwowicz"},"image":{"@id":"http:\/\/www.business-counsellor.de\/de\/#\/schema\/logo\/image\/"},"sameAs":["https:\/\/www.linkedin.com\/company\/klimkowicz","https:\/\/de-de.facebook.com\/DiplKfmVincentKlimkowicz\/"]}]}},"_links":{"self":[{"href":"http:\/\/www.business-counsellor.de\/de\/wp-json\/wp\/v2\/pages\/114"}],"collection":[{"href":"http:\/\/www.business-counsellor.de\/de\/wp-json\/wp\/v2\/pages"}],"about":[{"href":"http:\/\/www.business-counsellor.de\/de\/wp-json\/wp\/v2\/types\/page"}],"author":[{"embeddable":true,"href":"http:\/\/www.business-counsellor.de\/de\/wp-json\/wp\/v2\/users\/1"}],"replies":[{"embeddable":true,"href":"http:\/\/www.business-counsellor.de\/de\/wp-json\/wp\/v2\/comments?post=114"}],"version-history":[{"count":19,"href":"http:\/\/www.business-counsellor.de\/de\/wp-json\/wp\/v2\/pages\/114\/revisions"}],"predecessor-version":[{"id":1041,"href":"http:\/\/www.business-counsellor.de\/de\/wp-json\/wp\/v2\/pages\/114\/revisions\/1041"}],"wp:featuredmedia":[{"embeddable":true,"href":"http:\/\/www.business-counsellor.de\/de\/wp-json\/wp\/v2\/media\/137"}],"wp:attachment":[{"href":"http:\/\/www.business-counsellor.de\/de\/wp-json\/wp\/v2\/media?parent=114"}],"curies":[{"name":"wp","href":"https:\/\/api.w.org\/{rel}","templated":true}]}}